{"id":11488,"date":"2024-12-14T03:13:01","date_gmt":"2024-12-14T00:13:01","guid":{"rendered":"https:\/\/drmeralsozer.com\/kaiserschnitt-und-natuerlicher-geburtsverlauf\/"},"modified":"2025-04-26T19:29:12","modified_gmt":"2025-04-26T16:29:12","slug":"kaiserschnitt-und-natuerlicher-geburtsverlauf","status":"publish","type":"page","link":"https:\/\/drmeralsozer.com\/de\/kaiserschnitt-und-natuerlicher-geburtsverlauf\/","title":{"rendered":"Kaiserschnitt und nat\u00fcrlicher Geburtsverlauf"},"content":{"rendered":"\r\n\n  <div class=\"banner has-hover\" id=\"banner-1786211604\">\n          <div class=\"banner-inner fill\">\n        <div class=\"banner-bg fill\" >\n                                    <div class=\"overlay\"><\/div>            \n                    <\/div>\n\t\t\n        <div class=\"banner-layers container\">\n            <div class=\"fill banner-link\"><\/div>                <div id=\"text-box-158404621\" class=\"text-box banner-layer header-cover-inner x0 md-x50 lg-x5 y50 md-y50 lg-y50 res-text\">\n              <div data-parallax=\"2\" data-parallax-fade=\"true\">       <div data-animate=\"fadeInUp\">           <div class=\"text-box-content text dark\">\n              \n              <div class=\"text-inner text-left\">\n                   \t<div id=\"text-3871907952\" class=\"text\">\n\t\t\r\n<h5 class=\"p1\"><b>Geburt Operationen<\/b><\/h5>\r\n\t\t\n<style>\n#text-3871907952 {\n  font-size: 1rem;\n  text-align: left;\n  color: rgb(0, 0, 0);\n}\n#text-3871907952 > * {\n  color: rgb(0, 0, 0);\n}\n@media (min-width:550px) {\n  #text-3871907952 {\n    font-size: 1.15rem;\n  }\n}\n<\/style>\n\t<\/div>\n\t \t<div id=\"text-1072805552\" class=\"text\">\n\t\t\r\n<h2 class=\"p1\"><b>Kaiserschnitt und nat\u00fcrlicher Geburtsvorgang  <\/b><\/h2>\r\n\t\t\n<style>\n#text-1072805552 {\n  font-size: 1.35rem;\n  text-align: left;\n  color: rgb(0,0,0);\n}\n#text-1072805552 > * {\n  color: rgb(0,0,0);\n}\n@media (min-width:550px) {\n  #text-1072805552 {\n    font-size: 1.15rem;\n  }\n}\n<\/style>\n\t<\/div>\n\t \t<div id=\"text-2782660087\" class=\"text\">\n\t\t\r\n<p class=\"p1\">Der Geburtsvorgang ist f\u00fcr jede Frau eine andere Erfahrung und wird von den medizinischen Anforderungen und dem individuellen Gesundheitszustand gepr\u00e4gt. Die nat\u00fcrliche Geburt und der Kaiserschnitt sind die beiden wichtigsten Methoden in diesem Prozess. <\/p>\r\n\t\t\n<style>\n#text-2782660087 {\n  font-size: 1.25rem;\n  color: rgb(0,0,0);\n}\n#text-2782660087 > * {\n  color: rgb(0,0,0);\n}\n@media (min-width:550px) {\n  #text-2782660087 {\n    font-size: 1rem;\n  }\n}\n<\/style>\n\t<\/div>\n\t \t<div id=\"gap-945121149\" class=\"gap-element clearfix\" style=\"display:block; height:auto;\">\n\t\t\n<style>\n#gap-945121149 {\n  padding-top: 20px;\n}\n@media (min-width:550px) {\n  #gap-945121149 {\n    padding-top: 30px;\n  }\n}\n<\/style>\n\t<\/div>\n\t <a href=\"#daha-fazla-bilgi-al\" class=\"button white lowercase button-pink\"  >\n\t\t<span>Mehr Informationen erhalten<\/span>\n\t<i class=\"icon-angle-down\" aria-hidden=\"true\" ><\/i><\/a>\n <a href=\"https:\/\/drmeralsozer.com\/de\/kontakt\/\" class=\"button white lowercase button-dodgerblue\" rel=\"follow\"  >\n\t\t<span>Einen Termin buchen<\/span>\n\t<\/a>\n               <\/div>\n           <\/div>\n       <\/div>       <\/div>              \n<style>\n#text-box-158404621 .text-box-content {\n  background-color: rgba(0, 0, 0, 0);\n  font-size: 100%;\n}\n#text-box-158404621 {\n  width: 100%;\n}\n@media (min-width:550px) {\n  #text-box-158404621 {\n    width: 86%;\n  }\n}\n@media (min-width:850px) {\n  #text-box-158404621 {\n    width: 67%;\n  }\n}\n<\/style>\n    <\/div>\n          <\/div>\n      <\/div>\n\n            \n<style>\n#banner-1786211604 {\n  padding-top: 545px;\n  background-color: rgb(232, 232, 232);\n}\n#banner-1786211604 .overlay {\n  background-color: rgba(255, 255, 255, 0);\n}\n@media (min-width:550px) {\n  #banner-1786211604 {\n    padding-top: 507px;\n  }\n}\n<\/style>\n  <\/div>\n\n <span class=\"scroll-to\" data-label=\"Scroll to: #daha-fazla-bilgi-al\" data-bullet=\"false\" data-link=\"#daha-fazla-bilgi-al\" data-title=\"Daha Fazla Bilgi Al\" ><a name=\"daha-fazla-bilgi-al\"><\/a><\/span> \n\t<section class=\"section\" id=\"section_1906213219\">\n\t\t<div class=\"section-bg fill\" >\n\t\t\t\t\t\t\t\t\t\n\t\t\t\n\n\t\t<\/div>\n\n\t\t\n\n\t\t<div class=\"section-content relative\">\n\t\t\t <div class=\"row align-middle align-center\"  id=\"row-1603273790\"> \n\t<div id=\"col-146434185\" class=\"col medium-11 small-11 large-11\"  >\n\t\t\t\t<div class=\"col-inner\"  >\n\t\t\t\n\t\t\t \t<div id=\"gap-1829112546\" class=\"gap-element clearfix\" style=\"display:block; height:auto;\">\n\t\t\n<style>\n#gap-1829112546 {\n  padding-top: 50px;\n}\n@media (min-width:550px) {\n  #gap-1829112546 {\n    padding-top: 70px;\n  }\n}\n<\/style>\n\t<\/div>\n\t \t<div id=\"text-4089155805\" class=\"text\">\n\t\t\r\n<h3 class=\"p1\"><b>Nat\u00fcrlicher Geburtsvorgang:<\/b><b><\/b><\/h3>\r\n<p class=\"p1\">Eine nat\u00fcrliche Geburt oder eine vaginale Geburt ist eine vaginale Entbindung im normalen Verlauf der Schwangerschaft. Der Prozess beginnt mit Kontraktionen der Geb\u00e4rmutter und setzt sich mit der Erweiterung des Geb\u00e4rmutterhalses fort. Zu den Vorteilen einer nat\u00fcrlichen Geburt geh\u00f6ren eine schnelle Erholung nach der Geburt, ein geringes Infektionsrisiko und die Stimulierung der Atemwege des Babys beim Durchgang durch den Geburtskanal. In einigen F\u00e4llen kann es jedoch bei der nat\u00fcrlichen Geburt zu Komplikationen kommen. Die Lage des Babys, die Beckenstruktur der werdenden Mutter oder der langsame Fortschritt der Wehen k\u00f6nnen einen Kaiserschnitt erforderlich machen.    <\/p>\r\n<h3 class=\"p1\"><b>Kaiserschnitt<\/b><b><\/b><\/h3>\r\n<p class=\"p1\">Ein Kaiserschnitt ist die chirurgische Entfernung des Babys und der Plazenta, wenn die Passage durch den Geburtskanal nicht m\u00f6glich ist oder ein Risiko darstellt. Ein Kaiserschnitt kann unter Vollnarkose oder Regionalan\u00e4sthesie durchgef\u00fchrt werden. Die h\u00e4ufigsten Gr\u00fcnde f\u00fcr einen Kaiserschnitt sind eine falsche Positionierung des Babys, ein enger Geburtskanal, der Gesundheitszustand der werdenden Mutter oder ein fr\u00fcherer Kaiserschnitt. Da es sich bei einem Kaiserschnitt um einen chirurgischen Eingriff handelt, kann die Erholungszeit l\u00e4nger sein als bei einer vaginalen Entbindung und es besteht das Risiko einer Infektion.   <\/p>\r\n<h3><strong>Die Wahl der Liefermethode<\/strong><\/h3>\r\n<p class=\"p1\">Beide Entbindungsmethoden k\u00f6nnen f\u00fcr werdende M\u00fctter, die eine gesunde Schwangerschaft haben und angemessen medizinisch untersucht wurden, sicher sein. Die Wahl der Entbindungsmethode sollte jedoch auf der Empfehlung des Arztes und dem Gesundheitszustand der Mutter und des Babys beruhen. Die richtige medizinische Intervention und professionelle Unterst\u00fctzung w\u00e4hrend des Geburtsvorgangs sind entscheidend f\u00fcr den Schutz der Gesundheit von Mutter und Kind.  <\/p>\r\n\t\t\n<style>\n#text-4089155805 {\n  color: rgb(0,0,0);\n}\n#text-4089155805 > * {\n  color: rgb(0,0,0);\n}\n<\/style>\n\t<\/div>\n\t \t\t<\/div>\n\t\t\t\t\n<style>\n#col-146434185 > .col-inner {\n  padding: 0px 0px 5px 0px;\n  margin: 0px 0px -20px 0px;\n}\n@media (min-width:550px) {\n  #col-146434185 > .col-inner {\n    padding: 0px 0px 0px 0px;\n  }\n}\n@media (min-width:850px) {\n  #col-146434185 > .col-inner {\n    padding: 0px 0px 20px 0px;\n  }\n}\n<\/style>\n\t<\/div>\n\n\t <\/div> \t\t<\/div>\n\n\t\t\n<style>\n#section_1906213219 {\n  padding-top: 0px;\n  padding-bottom: 0px;\n}\n<\/style>\n\t<\/section>\n\t \n\t<section class=\"section\" id=\"section_1117432247\">\n\t\t<div class=\"section-bg fill\" >\n\t\t\t\t\t\t\t\t\t\n\t\t\t\n\n\t\t<\/div>\n\n\t\t\n\n\t\t<div class=\"section-content relative\">\n\t\t\t <div class=\"row align-middle align-center\"  id=\"row-470176124\"> \n\t<div id=\"col-1402048701\" class=\"col small-12 large-12\"  >\n\t\t\t\t<div class=\"col-inner\"  >\n\t\t\t\n\t\t\t <div class=\"row align-middle align-center\"  id=\"row-440032491\"> \n\t<div id=\"col-427843968\" class=\"col medium-12 small-12 large-6\"  data-animate=\"fadeInLeft\">\n\t\t\t\t<div class=\"col-inner\" style=\"background-color:rgba(0, 0, 0, 0.035);\" >\n\t\t\t\n\t\t\t \t<div id=\"text-2989276523\" class=\"text\">\n\t\t\r\n<h2><strong>Kontakt und Terminvereinbarungen<\/strong><\/h2>\r\n\t\t\n<style>\n#text-2989276523 {\n  font-size: 1.55rem;\n  color: rgb(0, 0, 0);\n}\n#text-2989276523 > * {\n  color: rgb(0, 0, 0);\n}\n@media (min-width:550px) {\n  #text-2989276523 {\n    font-size: 1.5rem;\n  }\n}\n@media (min-width:850px) {\n  #text-2989276523 {\n    font-size: 1.65rem;\n  }\n}\n<\/style>\n\t<\/div>\n\t \t<div id=\"text-3649460324\" class=\"text\">\n\t\t\r\n<p>Sie k\u00f6nnen uns ein Kontaktformular f\u00fcr Ihre Fragen schicken, oder Sie k\u00f6nnen einen Termin f\u00fcr Ihre Untersuchung vereinbaren.<\/p>\r\n\t\t\n<style>\n#text-3649460324 {\n  color: rgb(0, 0, 0);\n}\n#text-3649460324 > * {\n  color: rgb(0, 0, 0);\n}\n<\/style>\n\t<\/div>\n\t \t<div id=\"gap-963308868\" class=\"gap-element clearfix\" style=\"display:block; height:auto;\">\n\t\t\n<style>\n#gap-963308868 {\n  padding-top: 30px;\n}\n<\/style>\n\t<\/div>\n\t <a href=\"https:\/\/drmeralsozer.com\/de\/kontakt\/\" class=\"button white button-pink\" rel=\"follow\"  >\n\t\t<span>Einen Termin buchen<\/span>\n\t<\/a>\n \t\t<\/div>\n\t\t\t\t\n<style>\n#col-427843968 > .col-inner {\n  padding: 40px 20px 40px 30px;\n  margin: 0px 0px 0px 0px;\n  border-radius: 33px;\n}\n@media (min-width:550px) {\n  #col-427843968 > .col-inner {\n    padding: 75px 30px 90px 30px;\n    margin: 0px 0px 0px 0px;\n  }\n}\n@media (min-width:850px) {\n  #col-427843968 > .col-inner {\n    padding: 90px 30px 90px 50px;\n    margin: 0px 0px 0px 0px;\n  }\n}\n<\/style>\n\t<\/div>\n\n\t \n\t<div id=\"col-753965300\" class=\"col medium-12 small-12 large-6\"  data-animate=\"fadeInRight\">\n\t\t\t\t<div class=\"col-inner\" style=\"background-color:rgba(0, 0, 0, 0.035);\" >\n\t\t\t\n\t\t\t \t<div id=\"text-57976004\" class=\"text\">\n\t\t\r\n<h2><strong>Bereiche der Expertise<\/strong><\/h2>\r\n\t\t\n<style>\n#text-57976004 {\n  font-size: 1.55rem;\n  color: rgb(0, 0, 0);\n}\n#text-57976004 > * {\n  color: rgb(0, 0, 0);\n}\n@media (min-width:550px) {\n  #text-57976004 {\n    font-size: 1.5rem;\n  }\n}\n@media (min-width:850px) {\n  #text-57976004 {\n    font-size: 1.65rem;\n  }\n}\n<\/style>\n\t<\/div>\n\t \t<div id=\"text-3243404836\" class=\"text\">\n\t\t\r\n<p>Mehr \u00fcber die Themen, die Sie untersuchen lassen m\u00f6chten, erfahren Sie in unseren anderen Fachgebieten.<\/p>\r\n\t\t\n<style>\n#text-3243404836 {\n  color: rgb(0, 0, 0);\n}\n#text-3243404836 > * {\n  color: rgb(0, 0, 0);\n}\n<\/style>\n\t<\/div>\n\t \t<div id=\"gap-1732021195\" class=\"gap-element clearfix\" style=\"display:block; height:auto;\">\n\t\t\n<style>\n#gap-1732021195 {\n  padding-top: 30px;\n}\n<\/style>\n\t<\/div>\n\t <a href=\"https:\/\/drmeralsozer.com\/de\/bereiche-der-expertise\/\" class=\"button white button-dodgerblue\" rel=\"follow\"  >\n\t\t<span>\u00dcberpr\u00fcfung<\/span>\n\t<i class=\"icon-angle-right\" aria-hidden=\"true\" ><\/i><\/a>\n \t\t<\/div>\n\t\t\t\t\n<style>\n#col-753965300 > .col-inner {\n  padding: 40px 20px 40px 30px;\n  margin: 0px 0px -20px 0px;\n  border-radius: 33px;\n}\n@media (min-width:550px) {\n  #col-753965300 > .col-inner {\n    padding: 75px 30px 90px 30px;\n    margin: 0px 0px 0px 0px;\n  }\n}\n@media (min-width:850px) {\n  #col-753965300 > .col-inner {\n    padding: 90px 30px 90px 50px;\n    margin: 0px 0px 0px 0px;\n  }\n}\n<\/style>\n\t<\/div>\n\n\t <\/div> \t\t<\/div>\n\t\t\t\t\t<\/div>\n\n\t \n<style>\n#row-470176124 > .col > .col-inner {\n  padding: 0px 10px 0px 10px;\n}\n@media (min-width:550px) {\n  #row-470176124 > .col > .col-inner {\n    padding: 0px 55px 0px 55px;\n  }\n}\n@media (min-width:850px) {\n  #row-470176124 > .col > .col-inner {\n    padding: 0px 50px 0px 50px;\n  }\n}\n<\/style>\n<\/div> \t\t<\/div>\n\n\t\t\n<style>\n#section_1117432247 {\n  padding-top: 0px;\n  padding-bottom: 0px;\n  background-color: rgb(255, 255, 255);\n}\n<\/style>\n\t<\/section>\n\t\r\n","protected":false},"excerpt":{"rendered":"","protected":false},"author":233021080,"featured_media":11408,"parent":0,"menu_order":0,"comment_status":"closed","ping_status":"closed","template":"page-blank.php","meta":{"jetpack_post_was_ever_published":false,"footnotes":""},"class_list":["post-11488","page","type-page","status-publish","has-post-thumbnail","hentry"],"jetpack_likes_enabled":true,"jetpack_sharing_enabled":true,"jetpack_shortlink":"https:\/\/wp.me\/Pg7ghp-2Zi","jetpack-related-posts":[],"_links":{"self":[{"href":"https:\/\/drmeralsozer.com\/de\/wp-json\/wp\/v2\/pages\/11488","targetHints":{"allow":["GET"]}}],"collection":[{"href":"https:\/\/drmeralsozer.com\/de\/wp-json\/wp\/v2\/pages"}],"about":[{"href":"https:\/\/drmeralsozer.com\/de\/wp-json\/wp\/v2\/types\/page"}],"author":[{"embeddable":true,"href":"https:\/\/drmeralsozer.com\/de\/wp-json\/wp\/v2\/users\/233021080"}],"replies":[{"embeddable":true,"href":"https:\/\/drmeralsozer.com\/de\/wp-json\/wp\/v2\/comments?post=11488"}],"version-history":[{"count":3,"href":"https:\/\/drmeralsozer.com\/de\/wp-json\/wp\/v2\/pages\/11488\/revisions"}],"predecessor-version":[{"id":11604,"href":"https:\/\/drmeralsozer.com\/de\/wp-json\/wp\/v2\/pages\/11488\/revisions\/11604"}],"wp:featuredmedia":[{"embeddable":true,"href":"https:\/\/drmeralsozer.com\/de\/wp-json\/wp\/v2\/media\/11408"}],"wp:attachment":[{"href":"https:\/\/drmeralsozer.com\/de\/wp-json\/wp\/v2\/media?parent=11488"}],"curies":[{"name":"wp","href":"https:\/\/api.w.org\/{rel}","templated":true}]}}