{"id":11492,"date":"2024-12-14T03:13:01","date_gmt":"2024-12-14T00:13:01","guid":{"rendered":"https:\/\/drmeralsozer.com\/allgemeine-gynaekologie-und-frauengesundheit\/"},"modified":"2025-04-26T19:28:50","modified_gmt":"2025-04-26T16:28:50","slug":"allgemeine-gynaekologie-und-frauengesundheit","status":"publish","type":"page","link":"https:\/\/drmeralsozer.com\/de\/allgemeine-gynaekologie-und-frauengesundheit\/","title":{"rendered":"Allgemeine Gyn\u00e4kologie und Frauengesundheit"},"content":{"rendered":"\r\n\n  <div class=\"banner has-hover\" id=\"banner-1489318649\">\n          <div class=\"banner-inner fill\">\n        <div class=\"banner-bg fill\" >\n                                    <div class=\"overlay\"><\/div>            \n                    <\/div>\n\t\t\n        <div class=\"banner-layers container\">\n            <div class=\"fill banner-link\"><\/div>                <div id=\"text-box-1966737058\" class=\"text-box banner-layer header-cover-inner x0 md-x50 lg-x5 y50 md-y50 lg-y50 res-text\">\n              <div data-parallax=\"2\" data-parallax-fade=\"true\">       <div data-animate=\"fadeInUp\">           <div class=\"text-box-content text dark\">\n              \n              <div class=\"text-inner text-left\">\n                   \t<div id=\"text-2175898827\" class=\"text\">\n\t\t\r\n<h2 class=\"p1\"><b>Allgemeine Gyn\u00e4kologie und Frauengesundheit  <\/b><\/h2>\r\n\t\t\n<style>\n#text-2175898827 {\n  font-size: 1.35rem;\n  text-align: left;\n  color: rgb(0,0,0);\n}\n#text-2175898827 > * {\n  color: rgb(0,0,0);\n}\n@media (min-width:550px) {\n  #text-2175898827 {\n    font-size: 1.15rem;\n  }\n}\n<\/style>\n\t<\/div>\n\t \t<div id=\"text-407261966\" class=\"text\">\n\t\t\r\n<p class=\"p1\">Die allgemeine Gyn\u00e4kologie ist ein weites Feld, das sich mit der reproduktiven Gesundheit der Frau befasst. In diesem Bereich werden Gesundheitsprobleme behandelt, die in jeder Lebensphase der Frau auftreten, wie z.B. in der fruchtbaren Zeit, in der Menopause und dar\u00fcber hinaus. <\/p>\r\n\t\t\n<style>\n#text-407261966 {\n  font-size: 1.25rem;\n  color: rgb(0,0,0);\n}\n#text-407261966 > * {\n  color: rgb(0,0,0);\n}\n@media (min-width:550px) {\n  #text-407261966 {\n    font-size: 1rem;\n  }\n}\n<\/style>\n\t<\/div>\n\t \t<div id=\"gap-100997697\" class=\"gap-element clearfix\" style=\"display:block; height:auto;\">\n\t\t\n<style>\n#gap-100997697 {\n  padding-top: 20px;\n}\n@media (min-width:550px) {\n  #gap-100997697 {\n    padding-top: 30px;\n  }\n}\n<\/style>\n\t<\/div>\n\t <a href=\"#daha-fazla-bilgi-al\" class=\"button white lowercase button-pink\"  >\n\t\t<span>Mehr Informationen erhalten<\/span>\n\t<i class=\"icon-angle-down\" aria-hidden=\"true\" ><\/i><\/a>\n <a href=\"https:\/\/drmeralsozer.com\/de\/kontakt\/\" class=\"button white lowercase button-dodgerblue\" rel=\"follow\"  >\n\t\t<span>Einen Termin buchen<\/span>\n\t<\/a>\n               <\/div>\n           <\/div>\n       <\/div>       <\/div>              \n<style>\n#text-box-1966737058 .text-box-content {\n  background-color: rgba(0, 0, 0, 0);\n  font-size: 100%;\n}\n#text-box-1966737058 {\n  width: 100%;\n}\n@media (min-width:550px) {\n  #text-box-1966737058 {\n    width: 86%;\n  }\n}\n@media (min-width:850px) {\n  #text-box-1966737058 {\n    width: 67%;\n  }\n}\n<\/style>\n    <\/div>\n          <\/div>\n      <\/div>\n\n            \n<style>\n#banner-1489318649 {\n  padding-top: 545px;\n  background-color: rgb(232, 232, 232);\n}\n#banner-1489318649 .overlay {\n  background-color: rgba(255, 255, 255, 0);\n}\n@media (min-width:550px) {\n  #banner-1489318649 {\n    padding-top: 507px;\n  }\n}\n<\/style>\n  <\/div>\n\n <span class=\"scroll-to\" data-label=\"Scroll to: #daha-fazla-bilgi-al\" data-bullet=\"false\" data-link=\"#daha-fazla-bilgi-al\" data-title=\"Mehr Informationen erhalten\" ><a name=\"daha-fazla-bilgi-al\"><\/a><\/span> \n\t<section class=\"section\" id=\"section_2032443534\">\n\t\t<div class=\"section-bg fill\" >\n\t\t\t\t\t\t\t\t\t\n\t\t\t\n\n\t\t<\/div>\n\n\t\t\n\n\t\t<div class=\"section-content relative\">\n\t\t\t <div class=\"row align-middle align-center\"  id=\"row-1132427375\"> \n\t<div id=\"col-1869380461\" class=\"col medium-11 small-11 large-11\"  >\n\t\t\t\t<div class=\"col-inner\"  >\n\t\t\t\n\t\t\t \t<div id=\"gap-1315492322\" class=\"gap-element clearfix\" style=\"display:block; height:auto;\">\n\t\t\n<style>\n#gap-1315492322 {\n  padding-top: 50px;\n}\n@media (min-width:550px) {\n  #gap-1315492322 {\n    padding-top: 70px;\n  }\n}\n<\/style>\n\t<\/div>\n\t \t<div id=\"text-976294030\" class=\"text\">\n\t\t\r\n<p class=\"p1\">Regelm\u00e4\u00dfige gyn\u00e4kologische Untersuchungen helfen Frauen, ein gesundes Leben zu f\u00fchren und erm\u00f6glichen eine fr\u00fchzeitige Erkennung m\u00f6glicher Krankheiten. Jede Frau sollte einen Gesundheitsplan haben, der auf ihr Alter, ihren Lebensstil und ihren genetischen Hintergrund zugeschnitten ist. Dieser Plan umfasst eine Reihe wichtiger Untersuchungen, von der \u00dcberwachung des Menstruationsverhaltens, der \u00dcberpr\u00fcfung des Hormonspiegels, der sexuellen Gesundheit, vaginaler Infektionen und der Krebsvorsorge.  <\/p>\r\n<p class=\"p1\">Das polyzystische Ovarsyndrom (PCOS), Endometriose, Myome und Infektionen im Genitalbereich sind die h\u00e4ufigsten Erkrankungen, die die Gesundheit von Frauen beeintr\u00e4chtigen k\u00f6nnen. Dank gyn\u00e4kologischer Untersuchungen und Tests k\u00f6nnen solche Krankheiten in einem fr\u00fchen Stadium erkannt und mit geeigneten Behandlungsmethoden behandelt werden. Dar\u00fcber hinaus ist die allgemeine gyn\u00e4kologische Gesundheit in der pr\u00e4natalen und postnatalen Periode sowie in der Menopause und der Zeit nach der Menopause wichtig. Regelm\u00e4\u00dfige Vorsorgeuntersuchungen spielen eine grundlegende Rolle bei der Verbesserung der Lebensqualit\u00e4t von Frauen und der Minimierung von Gesundheitsproblemen.   <\/p>\r\n<p class=\"p1\">Die gyn\u00e4kologische Gesundheit jeder Frau sollte nach ihren individuellen Bed\u00fcrfnissen beurteilt werden. Dazu geh\u00f6ren Faktoren wie Fruchtbarkeit, hormonelles Gleichgewicht, sexuelle Gesundheit und allgemeines Wohlbefinden. Eine fr\u00fchzeitige Diagnose und pr\u00e4ventive Gesundheitsma\u00dfnahmen sind von gro\u00dfer Bedeutung f\u00fcr die Erhaltung und Verbesserung der Gesundheit von Frauen.  <\/p>\r\n\t\t\n<style>\n#text-976294030 {\n  color: rgb(0,0,0);\n}\n#text-976294030 > * {\n  color: rgb(0,0,0);\n}\n<\/style>\n\t<\/div>\n\t \t\t<\/div>\n\t\t\t\t\n<style>\n#col-1869380461 > .col-inner {\n  padding: 0px 0px 5px 0px;\n  margin: 0px 0px -20px 0px;\n}\n@media (min-width:550px) {\n  #col-1869380461 > .col-inner {\n    padding: 0px 0px 0px 0px;\n  }\n}\n@media (min-width:850px) {\n  #col-1869380461 > .col-inner {\n    padding: 0px 0px 20px 0px;\n  }\n}\n<\/style>\n\t<\/div>\n\n\t <\/div> \t\t<\/div>\n\n\t\t\n<style>\n#section_2032443534 {\n  padding-top: 0px;\n  padding-bottom: 0px;\n}\n<\/style>\n\t<\/section>\n\t \n\t<section class=\"section\" id=\"section_332383338\">\n\t\t<div class=\"section-bg fill\" >\n\t\t\t\t\t\t\t\t\t\n\t\t\t\n\n\t\t<\/div>\n\n\t\t\n\n\t\t<div class=\"section-content relative\">\n\t\t\t <div class=\"row align-middle align-center\"  id=\"row-413294843\"> \n\t<div id=\"col-494519854\" class=\"col small-12 large-12\"  >\n\t\t\t\t<div class=\"col-inner\"  >\n\t\t\t\n\t\t\t <div class=\"row align-middle align-center\"  id=\"row-628673050\"> \n\t<div id=\"col-1676132372\" class=\"col medium-12 small-12 large-6\"  data-animate=\"fadeInLeft\">\n\t\t\t\t<div class=\"col-inner\" style=\"background-color:rgba(0, 0, 0, 0.035);\" >\n\t\t\t\n\t\t\t \t<div id=\"text-377045818\" class=\"text\">\n\t\t\r\n<h2><strong>Kontakt und Terminvereinbarungen<\/strong><\/h2>\r\n\t\t\n<style>\n#text-377045818 {\n  font-size: 1.55rem;\n  color: rgb(0, 0, 0);\n}\n#text-377045818 > * {\n  color: rgb(0, 0, 0);\n}\n@media (min-width:550px) {\n  #text-377045818 {\n    font-size: 1.5rem;\n  }\n}\n@media (min-width:850px) {\n  #text-377045818 {\n    font-size: 1.65rem;\n  }\n}\n<\/style>\n\t<\/div>\n\t \t<div id=\"text-1061841543\" class=\"text\">\n\t\t\r\n<p>Sie k\u00f6nnen uns ein Kontaktformular f\u00fcr Ihre Fragen schicken, oder Sie k\u00f6nnen einen Termin f\u00fcr Ihre Untersuchung vereinbaren.<\/p>\r\n\t\t\n<style>\n#text-1061841543 {\n  color: rgb(0, 0, 0);\n}\n#text-1061841543 > * {\n  color: rgb(0, 0, 0);\n}\n<\/style>\n\t<\/div>\n\t \t<div id=\"gap-482588564\" class=\"gap-element clearfix\" style=\"display:block; height:auto;\">\n\t\t\n<style>\n#gap-482588564 {\n  padding-top: 30px;\n}\n<\/style>\n\t<\/div>\n\t <a href=\"https:\/\/drmeralsozer.com\/de\/kontakt\/\" class=\"button white button-pink\" rel=\"follow\"  >\n\t\t<span>Einen Termin buchen<\/span>\n\t<\/a>\n \t\t<\/div>\n\t\t\t\t\n<style>\n#col-1676132372 > .col-inner {\n  padding: 40px 20px 40px 30px;\n  margin: 0px 0px 0px 0px;\n  border-radius: 33px;\n}\n@media (min-width:550px) {\n  #col-1676132372 > .col-inner {\n    padding: 75px 30px 90px 30px;\n    margin: 0px 0px 0px 0px;\n  }\n}\n@media (min-width:850px) {\n  #col-1676132372 > .col-inner {\n    padding: 90px 30px 90px 50px;\n    margin: 0px 0px 0px 0px;\n  }\n}\n<\/style>\n\t<\/div>\n\n\t \n\t<div id=\"col-1474230204\" class=\"col medium-12 small-12 large-6\"  data-animate=\"fadeInRight\">\n\t\t\t\t<div class=\"col-inner\" style=\"background-color:rgba(0, 0, 0, 0.035);\" >\n\t\t\t\n\t\t\t \t<div id=\"text-861014082\" class=\"text\">\n\t\t\r\n<h2><strong>Bereiche der Expertise<\/strong><\/h2>\r\n\t\t\n<style>\n#text-861014082 {\n  font-size: 1.55rem;\n  color: rgb(0, 0, 0);\n}\n#text-861014082 > * {\n  color: rgb(0, 0, 0);\n}\n@media (min-width:550px) {\n  #text-861014082 {\n    font-size: 1.5rem;\n  }\n}\n@media (min-width:850px) {\n  #text-861014082 {\n    font-size: 1.65rem;\n  }\n}\n<\/style>\n\t<\/div>\n\t \t<div id=\"text-2695968377\" class=\"text\">\n\t\t\r\n<p>Mehr \u00fcber die Themen, die Sie untersuchen lassen m\u00f6chten, erfahren Sie in unseren anderen Fachgebieten.<\/p>\r\n\t\t\n<style>\n#text-2695968377 {\n  color: rgb(0, 0, 0);\n}\n#text-2695968377 > * {\n  color: rgb(0, 0, 0);\n}\n<\/style>\n\t<\/div>\n\t \t<div id=\"gap-1687672053\" class=\"gap-element clearfix\" style=\"display:block; height:auto;\">\n\t\t\n<style>\n#gap-1687672053 {\n  padding-top: 30px;\n}\n<\/style>\n\t<\/div>\n\t <a href=\"https:\/\/drmeralsozer.com\/de\/bereiche-der-expertise\/\" class=\"button white button-dodgerblue\" rel=\"follow\"  >\n\t\t<span>\u00dcberpr\u00fcfung<\/span>\n\t<i class=\"icon-angle-right\" aria-hidden=\"true\" ><\/i><\/a>\n \t\t<\/div>\n\t\t\t\t\n<style>\n#col-1474230204 > .col-inner {\n  padding: 40px 20px 40px 30px;\n  margin: 0px 0px -20px 0px;\n  border-radius: 33px;\n}\n@media (min-width:550px) {\n  #col-1474230204 > .col-inner {\n    padding: 75px 30px 90px 30px;\n    margin: 0px 0px 0px 0px;\n  }\n}\n@media (min-width:850px) {\n  #col-1474230204 > .col-inner {\n    padding: 90px 30px 90px 50px;\n    margin: 0px 0px 0px 0px;\n  }\n}\n<\/style>\n\t<\/div>\n\n\t <\/div> \t\t<\/div>\n\t\t\t\t\t<\/div>\n\n\t \n<style>\n#row-413294843 > .col > .col-inner {\n  padding: 0px 10px 0px 10px;\n}\n@media (min-width:550px) {\n  #row-413294843 > .col > .col-inner {\n    padding: 0px 55px 0px 55px;\n  }\n}\n@media (min-width:850px) {\n  #row-413294843 > .col > .col-inner {\n    padding: 0px 50px 0px 50px;\n  }\n}\n<\/style>\n<\/div> \t\t<\/div>\n\n\t\t\n<style>\n#section_332383338 {\n  padding-top: 0px;\n  padding-bottom: 0px;\n  background-color: rgb(255, 255, 255);\n}\n<\/style>\n\t<\/section>\n\t\r\n","protected":false},"excerpt":{"rendered":"","protected":false},"author":233021080,"featured_media":11418,"parent":0,"menu_order":0,"comment_status":"closed","ping_status":"closed","template":"page-blank.php","meta":{"footnotes":""},"class_list":["post-11492","page","type-page","status-publish","has-post-thumbnail","hentry"],"jetpack_likes_enabled":true,"jetpack_sharing_enabled":true,"jetpack_shortlink":"https:\/\/wp.me\/Pg7ghp-2Zm","jetpack-related-posts":[],"_links":{"self":[{"href":"https:\/\/drmeralsozer.com\/de\/wp-json\/wp\/v2\/pages\/11492","targetHints":{"allow":["GET"]}}],"collection":[{"href":"https:\/\/drmeralsozer.com\/de\/wp-json\/wp\/v2\/pages"}],"about":[{"href":"https:\/\/drmeralsozer.com\/de\/wp-json\/wp\/v2\/types\/page"}],"author":[{"embeddable":true,"href":"https:\/\/drmeralsozer.com\/de\/wp-json\/wp\/v2\/users\/233021080"}],"replies":[{"embeddable":true,"href":"https:\/\/drmeralsozer.com\/de\/wp-json\/wp\/v2\/comments?post=11492"}],"version-history":[{"count":1,"href":"https:\/\/drmeralsozer.com\/de\/wp-json\/wp\/v2\/pages\/11492\/revisions"}],"predecessor-version":[{"id":11495,"href":"https:\/\/drmeralsozer.com\/de\/wp-json\/wp\/v2\/pages\/11492\/revisions\/11495"}],"wp:featuredmedia":[{"embeddable":true,"href":"https:\/\/drmeralsozer.com\/de\/wp-json\/wp\/v2\/media\/11418"}],"wp:attachment":[{"href":"https:\/\/drmeralsozer.com\/de\/wp-json\/wp\/v2\/media?parent=11492"}],"curies":[{"name":"wp","href":"https:\/\/api.w.org\/{rel}","templated":true}]}}