{"id":11504,"date":"2024-12-14T03:13:01","date_gmt":"2024-12-14T00:13:01","guid":{"rendered":"https:\/\/drmeralsozer.com\/menopause-und-postmenopausale-phase\/"},"modified":"2025-04-26T19:29:33","modified_gmt":"2025-04-26T16:29:33","slug":"menopause-und-postmenopausale-phase","status":"publish","type":"page","link":"https:\/\/drmeralsozer.com\/de\/menopause-und-postmenopausale-phase\/","title":{"rendered":"Menopause und postmenopausale Phase"},"content":{"rendered":"\r\n\n  <div class=\"banner has-hover\" id=\"banner-827103822\">\n          <div class=\"banner-inner fill\">\n        <div class=\"banner-bg fill\" >\n                                    <div class=\"overlay\"><\/div>            \n                    <\/div>\n\t\t\n        <div class=\"banner-layers container\">\n            <div class=\"fill banner-link\"><\/div>                <div id=\"text-box-225007138\" class=\"text-box banner-layer header-cover-inner x0 md-x50 lg-x5 y50 md-y50 lg-y50 res-text\">\n              <div data-parallax=\"2\" data-parallax-fade=\"true\">       <div data-animate=\"fadeInUp\">           <div class=\"text-box-content text dark\">\n              \n              <div class=\"text-inner text-left\">\n                   \t<div id=\"text-3650101666\" class=\"text\">\n\t\t\r\n<h2 class=\"p1\"><b>Menopause und postmenopausale Phase<\/b><\/h2>\r\n\t\t\n<style>\n#text-3650101666 {\n  font-size: 1.35rem;\n  text-align: left;\n  color: rgb(0,0,0);\n}\n#text-3650101666 > * {\n  color: rgb(0,0,0);\n}\n@media (min-width:550px) {\n  #text-3650101666 {\n    font-size: 1.15rem;\n  }\n}\n<\/style>\n\t<\/div>\n\t \t<div id=\"text-2696864335\" class=\"text\">\n\t\t\r\n<p class=\"p1\"><b>Die Menopause<\/b> ist ein wichtiger Meilenstein im Leben einer Frau und ist meist ein Prozess, bei dem die Produktion <b>des Hormons \u00d6strogen<\/b> abnimmt und <b>die Funktion der Eierst\u00f6cke aufh\u00f6rt<\/b>.<\/p>\r\n\t\t\n<style>\n#text-2696864335 {\n  font-size: 1.25rem;\n  color: rgb(0,0,0);\n}\n#text-2696864335 > * {\n  color: rgb(0,0,0);\n}\n@media (min-width:550px) {\n  #text-2696864335 {\n    font-size: 1rem;\n  }\n}\n<\/style>\n\t<\/div>\n\t \t<div id=\"gap-1045723580\" class=\"gap-element clearfix\" style=\"display:block; height:auto;\">\n\t\t\n<style>\n#gap-1045723580 {\n  padding-top: 20px;\n}\n@media (min-width:550px) {\n  #gap-1045723580 {\n    padding-top: 30px;\n  }\n}\n<\/style>\n\t<\/div>\n\t <a href=\"#daha-fazla-bilgi-al\" class=\"button white lowercase button-pink\"  >\n\t\t<span>Mehr Informationen erhalten<\/span>\n\t<i class=\"icon-angle-down\" aria-hidden=\"true\" ><\/i><\/a>\n <a href=\"https:\/\/drmeralsozer.com\/de\/kontakt\/\" class=\"button white lowercase button-dodgerblue\" rel=\"follow\"  >\n\t\t<span>Einen Termin buchen<\/span>\n\t<\/a>\n               <\/div>\n           <\/div>\n       <\/div>       <\/div>              \n<style>\n#text-box-225007138 .text-box-content {\n  background-color: rgba(0, 0, 0, 0);\n  font-size: 100%;\n}\n#text-box-225007138 {\n  width: 100%;\n}\n@media (min-width:550px) {\n  #text-box-225007138 {\n    width: 86%;\n  }\n}\n@media (min-width:850px) {\n  #text-box-225007138 {\n    width: 67%;\n  }\n}\n<\/style>\n    <\/div>\n          <\/div>\n      <\/div>\n\n            \n<style>\n#banner-827103822 {\n  padding-top: 545px;\n  background-color: rgb(232, 232, 232);\n}\n#banner-827103822 .overlay {\n  background-color: rgba(255, 255, 255, 0);\n}\n@media (min-width:550px) {\n  #banner-827103822 {\n    padding-top: 507px;\n  }\n}\n<\/style>\n  <\/div>\n\n <span class=\"scroll-to\" data-label=\"Scroll to: #daha-fazla-bilgi-al\" data-bullet=\"false\" data-link=\"#daha-fazla-bilgi-al\" data-title=\"Daha Fazla Bilgi Al\" ><a name=\"daha-fazla-bilgi-al\"><\/a><\/span> \n\t<section class=\"section\" id=\"section_489349972\">\n\t\t<div class=\"section-bg fill\" >\n\t\t\t\t\t\t\t\t\t\n\t\t\t\n\n\t\t<\/div>\n\n\t\t\n\n\t\t<div class=\"section-content relative\">\n\t\t\t <div class=\"row align-middle align-center\"  id=\"row-1183863375\"> \n\t<div id=\"col-1642397118\" class=\"col medium-11 small-11 large-11\"  >\n\t\t\t\t<div class=\"col-inner\"  >\n\t\t\t\n\t\t\t \t<div id=\"gap-400932643\" class=\"gap-element clearfix\" style=\"display:block; height:auto;\">\n\t\t\n<style>\n#gap-400932643 {\n  padding-top: 50px;\n}\n@media (min-width:550px) {\n  #gap-400932643 {\n    padding-top: 70px;\n  }\n}\n<\/style>\n\t<\/div>\n\t \t<div id=\"text-2615333239\" class=\"text\">\n\t\t\r\n<h3 class=\"p2\"><b>Symptome und Schwierigkeiten der Menopause<\/b><\/h3>\r\n<p class=\"p1\">Wenn seit dem Ende der Menstruationsblutung 1 Jahr vergangen ist, gilt dieser Zeitraum als <b>Menopause<\/b>. Die Menopause kann f\u00fcr viele Frauen eine schwierige Zeit im Leben sein. Symptome wie <b>Hitzewallungen<\/b>, <b>Gewichtszunahme<\/b>, <b>Vergesslichkeit<\/b>, <b>Aggressivit\u00e4t<\/b> und <b>geringe Energie<\/b>, die in dieser Zeit h\u00e4ufig auftreten, k\u00f6nnen das t\u00e4gliche Leben negativ beeinflussen. Mit der richtigen Behandlung und Nachsorge ist es f\u00fcr Frauen m\u00f6glich, diese Zeit auf gesunde Weise zu \u00fcberwinden.   <\/p>\r\n<h3 class=\"p2\"><b>\u00dcbergang in die Wechseljahre und Blutungsst\u00f6rungen<\/b><\/h3>\r\n<p class=\"p1\">Manchmal kann der \u00dcbergang zur Menopause durch intensive und unregelm\u00e4\u00dfige <b>Blutungsst\u00f6rungen<\/b> gekennzeichnet sein. W\u00e4hrend dieser Zeit sollte das Geb\u00e4rmuttergewebe (Endometrium) durch eine <b>Biopsie<\/b> entnommen und auf <b>Krebsbildungen<\/b> untersucht werden. Solche Blutungsst\u00f6rungen sind vor der Menopause h\u00e4ufig.  <\/p>\r\n<h3 class=\"p2\"><b>Bio\u00e4quivalente Hormonsubstitution und Menopause-Behandlung<\/b><\/h3>\r\n<p class=\"p1\">In den letzten Jahren hat sich die <b>bio\u00e4quivalente Hormonersatztherapie<\/b> (BHR) zur Behandlung der Wechseljahre zu einem der meistdiskutierten und meistgesprochenen Themen im Zusammenhang mit den Wechseljahren entwickelt. Die Verwendung von <b>biologischen \u00d6strogenen<\/b> bietet Frauen gro\u00dfen Komfort bei der Bew\u00e4ltigung der Auswirkungen der Wechseljahre. In der Vergangenheit <b>wurden Hormone tierischen Ursprungs<\/b> lange Zeit nicht f\u00fcr die Behandlung der Wechseljahre verwendet, da sie Risiken wie <b>Embolien<\/b> und <b>Herzerkrankungen<\/b> mit sich brachten. Heute jedoch bieten bioidentische Hormontherapien erhebliche Vorteile f\u00fcr die <b>Gesundheit<\/b> von <b>Herz<\/b>, <b>Gehirn<\/b> und <b>Knochen<\/b> der Frauen.  <\/p>\r\n<h3 class=\"p2\"><b>Schutz des biologischen \u00d6strogens<\/b><\/h3>\r\n<p class=\"p1\">Biologisches \u00d6strogen hat in Studien gezeigt, dass es altersbedingten Krankheiten wie <b>Parkinson<\/b> und <b>Alzheimer<\/b> vorbeugen kann. Die sch\u00fctzende Wirkung von \u00d6strogen ist besonders ausgepr\u00e4gt bei der <b>Knochengesundheit<\/b>, wirkt aber auch auf Zielorgane wie das <b>Brustgewebe<\/b>. <\/p>\r\n<p class=\"p1\">Es ist wichtig, das Brustgewebe vor der Behandlung <b>zu visualisieren<\/b> und zu <b>\u00fcberwachen<\/b>. Neben der biologischen \u00d6strogentherapie wird auch das <b>Hormon biologisches Progesteron<\/b> eingesetzt. Dieses Hormon hilft, Risiken wie <b>Brustzysten<\/b> und <b>Brustkrebs<\/b> zu verhindern. <b>Tierisches Progesteron<\/b> birgt ein h\u00f6heres <b>Risiko f\u00fcr Embolien<\/b>, w\u00e4hrend biologisches Progesteron dieses Risiko nachweislich minimiert.  <\/p>\r\n<h3 class=\"p2\"><b>Gesundheit von Frauen nach der Menopause<\/b><\/h3>\r\n<p class=\"p1\">Bei der Behandlung der Gesundheit von Frauen in der Postmenopause sollten nicht nur k\u00f6rperliche, sondern auch psychologische und soziale Faktoren ber\u00fccksichtigt werden. Die bio\u00e4quivalente Hormonersatztherapie ist <b>in den Industriel\u00e4ndern der Welt weit verbreitet<\/b> und verbessert die Lebensqualit\u00e4t, indem sie es Frauen erm\u00f6glicht, diese Zeit ges\u00fcnder und angenehmer zu verbringen. <\/p>\r\n\t\t\n<style>\n#text-2615333239 {\n  color: rgb(0,0,0);\n}\n#text-2615333239 > * {\n  color: rgb(0,0,0);\n}\n<\/style>\n\t<\/div>\n\t \t\t<\/div>\n\t\t\t\t\n<style>\n#col-1642397118 > .col-inner {\n  padding: 0px 0px 5px 0px;\n  margin: 0px 0px -20px 0px;\n}\n@media (min-width:550px) {\n  #col-1642397118 > .col-inner {\n    padding: 0px 0px 0px 0px;\n  }\n}\n@media (min-width:850px) {\n  #col-1642397118 > .col-inner {\n    padding: 0px 0px 20px 0px;\n  }\n}\n<\/style>\n\t<\/div>\n\n\t <\/div> \t\t<\/div>\n\n\t\t\n<style>\n#section_489349972 {\n  padding-top: 0px;\n  padding-bottom: 0px;\n}\n<\/style>\n\t<\/section>\n\t \n\t<section class=\"section\" id=\"section_1395947188\">\n\t\t<div class=\"section-bg fill\" >\n\t\t\t\t\t\t\t\t\t\n\t\t\t\n\n\t\t<\/div>\n\n\t\t\n\n\t\t<div class=\"section-content relative\">\n\t\t\t <div class=\"row align-middle align-center\"  id=\"row-1442586072\"> \n\t<div id=\"col-1355597062\" class=\"col small-12 large-12\"  >\n\t\t\t\t<div class=\"col-inner\"  >\n\t\t\t\n\t\t\t <div class=\"row align-middle align-center\"  id=\"row-282337639\"> \n\t<div id=\"col-277003092\" class=\"col medium-12 small-12 large-6\"  data-animate=\"fadeInLeft\">\n\t\t\t\t<div class=\"col-inner\" style=\"background-color:rgba(0, 0, 0, 0.035);\" >\n\t\t\t\n\t\t\t \t<div id=\"text-832782752\" class=\"text\">\n\t\t\r\n<h2><strong>Kontakt und Terminvereinbarungen<\/strong><\/h2>\r\n\t\t\n<style>\n#text-832782752 {\n  font-size: 1.55rem;\n  color: rgb(0, 0, 0);\n}\n#text-832782752 > * {\n  color: rgb(0, 0, 0);\n}\n@media (min-width:550px) {\n  #text-832782752 {\n    font-size: 1.5rem;\n  }\n}\n@media (min-width:850px) {\n  #text-832782752 {\n    font-size: 1.65rem;\n  }\n}\n<\/style>\n\t<\/div>\n\t \t<div id=\"text-780811816\" class=\"text\">\n\t\t\r\n<p>Sie k\u00f6nnen uns ein Kontaktformular f\u00fcr Ihre Fragen schicken, oder Sie k\u00f6nnen einen Termin f\u00fcr Ihre Untersuchung vereinbaren.<\/p>\r\n\t\t\n<style>\n#text-780811816 {\n  color: rgb(0, 0, 0);\n}\n#text-780811816 > * {\n  color: rgb(0, 0, 0);\n}\n<\/style>\n\t<\/div>\n\t \t<div id=\"gap-154465324\" class=\"gap-element clearfix\" style=\"display:block; height:auto;\">\n\t\t\n<style>\n#gap-154465324 {\n  padding-top: 30px;\n}\n<\/style>\n\t<\/div>\n\t <a href=\"https:\/\/drmeralsozer.com\/de\/kontakt\/\" class=\"button white button-pink\" rel=\"follow\"  >\n\t\t<span>Einen Termin buchen<\/span>\n\t<\/a>\n \t\t<\/div>\n\t\t\t\t\n<style>\n#col-277003092 > .col-inner {\n  padding: 40px 20px 40px 30px;\n  margin: 0px 0px 0px 0px;\n  border-radius: 33px;\n}\n@media (min-width:550px) {\n  #col-277003092 > .col-inner {\n    padding: 75px 30px 90px 30px;\n    margin: 0px 0px 0px 0px;\n  }\n}\n@media (min-width:850px) {\n  #col-277003092 > .col-inner {\n    padding: 90px 30px 90px 50px;\n    margin: 0px 0px 0px 0px;\n  }\n}\n<\/style>\n\t<\/div>\n\n\t \n\t<div id=\"col-906865593\" class=\"col medium-12 small-12 large-6\"  data-animate=\"fadeInRight\">\n\t\t\t\t<div class=\"col-inner\" style=\"background-color:rgba(0, 0, 0, 0.035);\" >\n\t\t\t\n\t\t\t \t<div id=\"text-495758287\" class=\"text\">\n\t\t\r\n<h2><strong>Bereiche der Expertise<\/strong><\/h2>\r\n\t\t\n<style>\n#text-495758287 {\n  font-size: 1.55rem;\n  color: rgb(0, 0, 0);\n}\n#text-495758287 > * {\n  color: rgb(0, 0, 0);\n}\n@media (min-width:550px) {\n  #text-495758287 {\n    font-size: 1.5rem;\n  }\n}\n@media (min-width:850px) {\n  #text-495758287 {\n    font-size: 1.65rem;\n  }\n}\n<\/style>\n\t<\/div>\n\t \t<div id=\"text-2819231909\" class=\"text\">\n\t\t\r\n<p>Mehr \u00fcber die Themen, die Sie untersuchen lassen m\u00f6chten, erfahren Sie in unseren anderen Fachgebieten.<\/p>\r\n\t\t\n<style>\n#text-2819231909 {\n  color: rgb(0, 0, 0);\n}\n#text-2819231909 > * {\n  color: rgb(0, 0, 0);\n}\n<\/style>\n\t<\/div>\n\t \t<div id=\"gap-71691332\" class=\"gap-element clearfix\" style=\"display:block; height:auto;\">\n\t\t\n<style>\n#gap-71691332 {\n  padding-top: 30px;\n}\n<\/style>\n\t<\/div>\n\t <a href=\"https:\/\/drmeralsozer.com\/de\/bereiche-der-expertise\/\" class=\"button white button-dodgerblue\" rel=\"follow\"  >\n\t\t<span>\u00dcberpr\u00fcfung<\/span>\n\t<i class=\"icon-angle-right\" aria-hidden=\"true\" ><\/i><\/a>\n \t\t<\/div>\n\t\t\t\t\n<style>\n#col-906865593 > .col-inner {\n  padding: 40px 20px 40px 30px;\n  margin: 0px 0px -20px 0px;\n  border-radius: 33px;\n}\n@media (min-width:550px) {\n  #col-906865593 > .col-inner {\n    padding: 75px 30px 90px 30px;\n    margin: 0px 0px 0px 0px;\n  }\n}\n@media (min-width:850px) {\n  #col-906865593 > .col-inner {\n    padding: 90px 30px 90px 50px;\n    margin: 0px 0px 0px 0px;\n  }\n}\n<\/style>\n\t<\/div>\n\n\t <\/div> \t\t<\/div>\n\t\t\t\t\t<\/div>\n\n\t \n<style>\n#row-1442586072 > .col > .col-inner {\n  padding: 0px 10px 0px 10px;\n}\n@media (min-width:550px) {\n  #row-1442586072 > .col > .col-inner {\n    padding: 0px 55px 0px 55px;\n  }\n}\n@media (min-width:850px) {\n  #row-1442586072 > .col > .col-inner {\n    padding: 0px 50px 0px 50px;\n  }\n}\n<\/style>\n<\/div> \t\t<\/div>\n\n\t\t\n<style>\n#section_1395947188 {\n  padding-top: 0px;\n  padding-bottom: 0px;\n  background-color: rgb(255, 255, 255);\n}\n<\/style>\n\t<\/section>\n\t\r\n","protected":false},"excerpt":{"rendered":"","protected":false},"author":233021080,"featured_media":11424,"parent":0,"menu_order":0,"comment_status":"closed","ping_status":"closed","template":"page-blank.php","meta":{"footnotes":""},"class_list":["post-11504","page","type-page","status-publish","has-post-thumbnail","hentry"],"jetpack_likes_enabled":true,"jetpack_sharing_enabled":true,"jetpack_shortlink":"https:\/\/wp.me\/Pg7ghp-2Zy","jetpack-related-posts":[],"_links":{"self":[{"href":"https:\/\/drmeralsozer.com\/de\/wp-json\/wp\/v2\/pages\/11504","targetHints":{"allow":["GET"]}}],"collection":[{"href":"https:\/\/drmeralsozer.com\/de\/wp-json\/wp\/v2\/pages"}],"about":[{"href":"https:\/\/drmeralsozer.com\/de\/wp-json\/wp\/v2\/types\/page"}],"author":[{"embeddable":true,"href":"https:\/\/drmeralsozer.com\/de\/wp-json\/wp\/v2\/users\/233021080"}],"replies":[{"embeddable":true,"href":"https:\/\/drmeralsozer.com\/de\/wp-json\/wp\/v2\/comments?post=11504"}],"version-history":[{"count":3,"href":"https:\/\/drmeralsozer.com\/de\/wp-json\/wp\/v2\/pages\/11504\/revisions"}],"predecessor-version":[{"id":11607,"href":"https:\/\/drmeralsozer.com\/de\/wp-json\/wp\/v2\/pages\/11504\/revisions\/11607"}],"wp:featuredmedia":[{"embeddable":true,"href":"https:\/\/drmeralsozer.com\/de\/wp-json\/wp\/v2\/media\/11424"}],"wp:attachment":[{"href":"https:\/\/drmeralsozer.com\/de\/wp-json\/wp\/v2\/media?parent=11504"}],"curies":[{"name":"wp","href":"https:\/\/api.w.org\/{rel}","templated":true}]}}