{"id":11512,"date":"2024-12-14T03:13:01","date_gmt":"2024-12-14T00:13:01","guid":{"rendered":"https:\/\/drmeralsozer.com\/polyzystisches-ovarialsyndrom-und-menstruationsunregelmaessigkeiten\/"},"modified":"2025-04-26T20:25:39","modified_gmt":"2025-04-26T17:25:39","slug":"polyzystisches-ovarialsyndrom-und-menstruationsunregelmaessigkeiten","status":"publish","type":"page","link":"https:\/\/drmeralsozer.com\/de\/polyzystisches-ovarialsyndrom-und-menstruationsunregelmaessigkeiten\/","title":{"rendered":"Polyzystisches Ovarialsyndrom und Menstruationsunregelm\u00e4\u00dfigkeiten"},"content":{"rendered":"\r\n\n  <div class=\"banner has-hover\" id=\"banner-1872904732\">\n          <div class=\"banner-inner fill\">\n        <div class=\"banner-bg fill\" >\n                                    <div class=\"overlay\"><\/div>            \n                    <\/div>\n\t\t\n        <div class=\"banner-layers container\">\n            <div class=\"fill banner-link\"><\/div>                <div id=\"text-box-1557444126\" class=\"text-box banner-layer header-cover-inner x0 md-x50 lg-x5 y50 md-y50 lg-y50 res-text\">\n              <div data-parallax=\"2\" data-parallax-fade=\"true\">       <div data-animate=\"fadeInUp\">           <div class=\"text-box-content text dark\">\n              \n              <div class=\"text-inner text-left\">\n                   \t<div id=\"text-1899887896\" class=\"text\">\n\t\t\r\n<h5 class=\"p1\"><b>PCOS<\/b><\/h5>\r\n\t\t\n<style>\n#text-1899887896 {\n  font-size: 1rem;\n  text-align: left;\n  color: rgb(0, 0, 0);\n}\n#text-1899887896 > * {\n  color: rgb(0, 0, 0);\n}\n@media (min-width:550px) {\n  #text-1899887896 {\n    font-size: 1.15rem;\n  }\n}\n<\/style>\n\t<\/div>\n\t \t<div id=\"text-1207387139\" class=\"text\">\n\t\t\r\n<h2 class=\"p1\"><b>  Polyzystisches Ovarialsyndrom und Menstruationsunregelm\u00e4\u00dfigkeiten  <\/b><\/h2>\r\n\t\t\n<style>\n#text-1207387139 {\n  font-size: 1.35rem;\n  text-align: left;\n  color: rgb(0,0,0);\n}\n#text-1207387139 > * {\n  color: rgb(0,0,0);\n}\n@media (min-width:550px) {\n  #text-1207387139 {\n    font-size: 1.15rem;\n  }\n}\n<\/style>\n\t<\/div>\n\t \t<div id=\"text-2645013120\" class=\"text\">\n\t\t\r\n<p class=\"p1\">Das <b>polyzystische Ovarialsyndrom (PCOS)<\/b> ist eine Hormonst\u00f6rung, die durch <b>Menstruationsunregelm\u00e4\u00dfigkeiten<\/b> bei Frauen gekennzeichnet ist.<\/p>\r\n\t\t\n<style>\n#text-2645013120 {\n  font-size: 1.25rem;\n  color: rgb(0,0,0);\n}\n#text-2645013120 > * {\n  color: rgb(0,0,0);\n}\n@media (min-width:550px) {\n  #text-2645013120 {\n    font-size: 1rem;\n  }\n}\n<\/style>\n\t<\/div>\n\t \t<div id=\"gap-1548808346\" class=\"gap-element clearfix\" style=\"display:block; height:auto;\">\n\t\t\n<style>\n#gap-1548808346 {\n  padding-top: 20px;\n}\n@media (min-width:550px) {\n  #gap-1548808346 {\n    padding-top: 30px;\n  }\n}\n<\/style>\n\t<\/div>\n\t <a href=\"#daha-fazla-bilgi-al\" class=\"button white lowercase button-pink\"  >\n\t\t<span>Mehr Informationen erhalten<\/span>\n\t<i class=\"icon-angle-down\" aria-hidden=\"true\" ><\/i><\/a>\n <a href=\"https:\/\/drmeralsozer.com\/de\/kontakt\/\" class=\"button white lowercase button-dodgerblue\" rel=\"follow\"  >\n\t\t<span>Einen Termin buchen<\/span>\n\t<\/a>\n               <\/div>\n           <\/div>\n       <\/div>       <\/div>              \n<style>\n#text-box-1557444126 .text-box-content {\n  background-color: rgba(0, 0, 0, 0);\n  font-size: 100%;\n}\n#text-box-1557444126 {\n  width: 100%;\n}\n@media (min-width:550px) {\n  #text-box-1557444126 {\n    width: 86%;\n  }\n}\n@media (min-width:850px) {\n  #text-box-1557444126 {\n    width: 67%;\n  }\n}\n<\/style>\n    <\/div>\n          <\/div>\n      <\/div>\n\n            \n<style>\n#banner-1872904732 {\n  padding-top: 545px;\n  background-color: rgb(232, 232, 232);\n}\n#banner-1872904732 .overlay {\n  background-color: rgba(255, 255, 255, 0);\n}\n@media (min-width:550px) {\n  #banner-1872904732 {\n    padding-top: 507px;\n  }\n}\n<\/style>\n  <\/div>\n\n <span class=\"scroll-to\" data-label=\"Scroll to: #daha-fazla-bilgi-al\" data-bullet=\"false\" data-link=\"#daha-fazla-bilgi-al\" data-title=\"Daha Fazla Bilgi Al\" ><a name=\"daha-fazla-bilgi-al\"><\/a><\/span> \n\t<section class=\"section\" id=\"section_317416395\">\n\t\t<div class=\"section-bg fill\" >\n\t\t\t\t\t\t\t\t\t\n\t\t\t\n\n\t\t<\/div>\n\n\t\t\n\n\t\t<div class=\"section-content relative\">\n\t\t\t <div class=\"row align-middle align-center\"  id=\"row-1420337349\"> \n\t<div id=\"col-2005686129\" class=\"col medium-11 small-11 large-11\"  >\n\t\t\t\t<div class=\"col-inner\"  >\n\t\t\t\n\t\t\t \t<div id=\"gap-1688281956\" class=\"gap-element clearfix\" style=\"display:block; height:auto;\">\n\t\t\n<style>\n#gap-1688281956 {\n  padding-top: 50px;\n}\n@media (min-width:550px) {\n  #gap-1688281956 {\n    padding-top: 70px;\n  }\n}\n<\/style>\n\t<\/div>\n\t \t<div id=\"text-3835485329\" class=\"text\">\n\t\t\r\n<p class=\"p1\">PCOS kann mit einer Vielzahl von Symptomen einhergehen, von unregelm\u00e4\u00dfigen Menstruationszyklen bis hin zu \u00fcberm\u00e4\u00dfiger Gewichtszunahme, verst\u00e4rktem Haarwuchs und einer Veranlagung zu <b>Diabetes<\/b>.<\/p>\r\n<h3 class=\"p2\"><b>Menstruationsunregelm\u00e4\u00dfigkeiten und -symptome<\/b><\/h3>\r\n<p class=\"p1\">Bei Frauen mit PCOS k\u00f6nnen Probleme wie Menstruationsunregelm\u00e4\u00dfigkeiten oder das Ausbleiben der Menstruation (Amenorrh\u00f6e) auftreten. Dieses Syndrom ist jedoch auch durch k\u00f6rperliche Symptome wie \u00fcberm\u00e4\u00dfige <b>Gewichtszunahme<\/b> und <b>verst\u00e4rkten Haarwuchs<\/b> (Hirsutismus) gekennzeichnet. Die Patientinnen k\u00f6nnen auch eine Veranlagung f\u00fcr <b>Diabetes<\/b> haben, was langfristig zu Stoffwechselproblemen f\u00fchren kann.  <\/p>\r\n<h3 class=\"p2\"><b>Hormonelle Therapie und m\u00f6gliche Risiken<\/b><\/h3>\r\n<p class=\"p1\">Wenn keine angemessene Hormonbehandlung erfolgt, k\u00f6nnen bei Patientinnen mit PCOS Erkrankungen wie <b>Myome<\/b>, <b>Endometriumpolypen<\/b> und <b>Fibrozysten<\/b> (Zysten in den Br\u00fcsten) auftreten. Dies kann sich negativ auf die Lebensqualit\u00e4t der Patientin auswirken. <\/p>\r\n<h3 class=\"p2\"><b>Schwangerschaft und Fruchtbarkeit<\/b><\/h3>\r\n<p class=\"p1\">Frauen mit PCOS haben oft Probleme mit dem <b>Eisprung<\/b> und k\u00f6nnen daher m\u00f6glicherweise nicht schwanger werden, wenn sie es w\u00fcnschen. Dies kann zu Schwierigkeiten mit der Fruchtbarkeit f\u00fchren. Es sollte jedoch <b>ein individueller Behandlungsplan<\/b> erstellt werden, der Faktoren wie das <b>Hormonprofil<\/b> der Patientin, ihren <b>Kinderwunsch<\/b> und ihren <b>Lebensstil<\/b> ber\u00fccksichtigt.  <\/p>\r\n<h3 class=\"p2\"><b>Langfristiger Behandlungsansatz<\/b><\/h3>\r\n<p class=\"p1\"><b>Hormonelle Therapien mit<\/b> hohen Dosen <b>tierischer Inhaltsstoffe<\/b> k\u00f6nnen zur Regulierung der Menstruation eingesetzt werden. Langfristig kann diese Form der Behandlung bei Patientinnen, die keine <b>Verh\u00fctung ben\u00f6tigen<\/b>, jedoch zu unerw\u00fcnschten Nebenwirkungen f\u00fchren. Es ist wichtig, Patientinnen mit PCOS, bei denen das Risiko <b>einer sp\u00e4ten Menopause<\/b> besteht, genau zu \u00fcberwachen. Dar\u00fcber hinaus sollten geeignete Behandlungsmethoden festgelegt werden, um den Hormonspiegel auszugleichen und Defizite zu korrigieren.  <\/p>\r\n\t\t\n<style>\n#text-3835485329 {\n  color: rgb(0,0,0);\n}\n#text-3835485329 > * {\n  color: rgb(0,0,0);\n}\n<\/style>\n\t<\/div>\n\t \t\t<\/div>\n\t\t\t\t\n<style>\n#col-2005686129 > .col-inner {\n  padding: 0px 0px 5px 0px;\n  margin: 0px 0px -20px 0px;\n}\n@media (min-width:550px) {\n  #col-2005686129 > .col-inner {\n    padding: 0px 0px 0px 0px;\n  }\n}\n@media (min-width:850px) {\n  #col-2005686129 > .col-inner {\n    padding: 0px 0px 20px 0px;\n  }\n}\n<\/style>\n\t<\/div>\n\n\t <\/div> \t\t<\/div>\n\n\t\t\n<style>\n#section_317416395 {\n  padding-top: 0px;\n  padding-bottom: 0px;\n}\n<\/style>\n\t<\/section>\n\t \n\t<section class=\"section\" id=\"section_333405326\">\n\t\t<div class=\"section-bg fill\" >\n\t\t\t\t\t\t\t\t\t\n\t\t\t\n\n\t\t<\/div>\n\n\t\t\n\n\t\t<div class=\"section-content relative\">\n\t\t\t <div class=\"row align-middle align-center\"  id=\"row-1585302216\"> \n\t<div id=\"col-119514020\" class=\"col small-12 large-12\"  >\n\t\t\t\t<div class=\"col-inner\"  >\n\t\t\t\n\t\t\t <div class=\"row align-middle align-center\"  id=\"row-1047650986\"> \n\t<div id=\"col-1104713202\" class=\"col medium-12 small-12 large-6\"  data-animate=\"fadeInLeft\">\n\t\t\t\t<div class=\"col-inner\" style=\"background-color:rgba(0, 0, 0, 0.035);\" >\n\t\t\t\n\t\t\t \t<div id=\"text-497624261\" class=\"text\">\n\t\t\r\n<h2><strong>Kontakt und Terminvereinbarungen<\/strong><\/h2>\r\n\t\t\n<style>\n#text-497624261 {\n  font-size: 1.55rem;\n  color: rgb(0, 0, 0);\n}\n#text-497624261 > * {\n  color: rgb(0, 0, 0);\n}\n@media (min-width:550px) {\n  #text-497624261 {\n    font-size: 1.5rem;\n  }\n}\n@media (min-width:850px) {\n  #text-497624261 {\n    font-size: 1.65rem;\n  }\n}\n<\/style>\n\t<\/div>\n\t \t<div id=\"text-1047401682\" class=\"text\">\n\t\t\r\n<p>Sie k\u00f6nnen uns ein Kontaktformular f\u00fcr Ihre Fragen schicken, oder Sie k\u00f6nnen einen Termin f\u00fcr Ihre Untersuchung vereinbaren.<\/p>\r\n\t\t\n<style>\n#text-1047401682 {\n  color: rgb(0, 0, 0);\n}\n#text-1047401682 > * {\n  color: rgb(0, 0, 0);\n}\n<\/style>\n\t<\/div>\n\t \t<div id=\"gap-37348508\" class=\"gap-element clearfix\" style=\"display:block; height:auto;\">\n\t\t\n<style>\n#gap-37348508 {\n  padding-top: 30px;\n}\n<\/style>\n\t<\/div>\n\t <a href=\"https:\/\/drmeralsozer.com\/de\/kontakt\/\" class=\"button white button-pink\" rel=\"follow\"  >\n\t\t<span>Einen Termin buchen<\/span>\n\t<\/a>\n \t\t<\/div>\n\t\t\t\t\n<style>\n#col-1104713202 > .col-inner {\n  padding: 40px 20px 40px 30px;\n  margin: 0px 0px 0px 0px;\n  border-radius: 33px;\n}\n@media (min-width:550px) {\n  #col-1104713202 > .col-inner {\n    padding: 75px 30px 90px 30px;\n    margin: 0px 0px 0px 0px;\n  }\n}\n@media (min-width:850px) {\n  #col-1104713202 > .col-inner {\n    padding: 90px 30px 90px 50px;\n    margin: 0px 0px 0px 0px;\n  }\n}\n<\/style>\n\t<\/div>\n\n\t \n\t<div id=\"col-307234529\" class=\"col medium-12 small-12 large-6\"  data-animate=\"fadeInRight\">\n\t\t\t\t<div class=\"col-inner\" style=\"background-color:rgba(0, 0, 0, 0.035);\" >\n\t\t\t\n\t\t\t \t<div id=\"text-1937758643\" class=\"text\">\n\t\t\r\n<h2><strong>Bereiche der Expertise<\/strong><\/h2>\r\n\t\t\n<style>\n#text-1937758643 {\n  font-size: 1.55rem;\n  color: rgb(0, 0, 0);\n}\n#text-1937758643 > * {\n  color: rgb(0, 0, 0);\n}\n@media (min-width:550px) {\n  #text-1937758643 {\n    font-size: 1.5rem;\n  }\n}\n@media (min-width:850px) {\n  #text-1937758643 {\n    font-size: 1.65rem;\n  }\n}\n<\/style>\n\t<\/div>\n\t \t<div id=\"text-803783133\" class=\"text\">\n\t\t\r\n<p>Mehr \u00fcber die Themen, die Sie untersuchen lassen m\u00f6chten, erfahren Sie in unseren anderen Fachgebieten.<\/p>\r\n\t\t\n<style>\n#text-803783133 {\n  color: rgb(0, 0, 0);\n}\n#text-803783133 > * {\n  color: rgb(0, 0, 0);\n}\n<\/style>\n\t<\/div>\n\t \t<div id=\"gap-801051450\" class=\"gap-element clearfix\" style=\"display:block; height:auto;\">\n\t\t\n<style>\n#gap-801051450 {\n  padding-top: 30px;\n}\n<\/style>\n\t<\/div>\n\t <a href=\"https:\/\/drmeralsozer.com\/de\/bereiche-der-expertise\/\" class=\"button white button-dodgerblue\" rel=\"follow\"  >\n\t\t<span>\u00dcberpr\u00fcfung<\/span>\n\t<i class=\"icon-angle-right\" aria-hidden=\"true\" ><\/i><\/a>\n \t\t<\/div>\n\t\t\t\t\n<style>\n#col-307234529 > .col-inner {\n  padding: 40px 20px 40px 30px;\n  margin: 0px 0px -20px 0px;\n  border-radius: 33px;\n}\n@media (min-width:550px) {\n  #col-307234529 > .col-inner {\n    padding: 75px 30px 90px 30px;\n    margin: 0px 0px 0px 0px;\n  }\n}\n@media (min-width:850px) {\n  #col-307234529 > .col-inner {\n    padding: 90px 30px 90px 50px;\n    margin: 0px 0px 0px 0px;\n  }\n}\n<\/style>\n\t<\/div>\n\n\t <\/div> \t\t<\/div>\n\t\t\t\t\t<\/div>\n\n\t \n<style>\n#row-1585302216 > .col > .col-inner {\n  padding: 0px 10px 0px 10px;\n}\n@media (min-width:550px) {\n  #row-1585302216 > .col > .col-inner {\n    padding: 0px 55px 0px 55px;\n  }\n}\n@media (min-width:850px) {\n  #row-1585302216 > .col > .col-inner {\n    padding: 0px 50px 0px 50px;\n  }\n}\n<\/style>\n<\/div> \t\t<\/div>\n\n\t\t\n<style>\n#section_333405326 {\n  padding-top: 0px;\n  padding-bottom: 0px;\n  background-color: rgb(255, 255, 255);\n}\n<\/style>\n\t<\/section>\n\t\r\n","protected":false},"excerpt":{"rendered":"","protected":false},"author":233021080,"featured_media":11413,"parent":0,"menu_order":0,"comment_status":"closed","ping_status":"closed","template":"page-blank.php","meta":{"footnotes":""},"class_list":["post-11512","page","type-page","status-publish","has-post-thumbnail","hentry"],"jetpack_likes_enabled":true,"jetpack_sharing_enabled":true,"jetpack_shortlink":"https:\/\/wp.me\/Pg7ghp-2ZG","jetpack-related-posts":[],"_links":{"self":[{"href":"https:\/\/drmeralsozer.com\/de\/wp-json\/wp\/v2\/pages\/11512","targetHints":{"allow":["GET"]}}],"collection":[{"href":"https:\/\/drmeralsozer.com\/de\/wp-json\/wp\/v2\/pages"}],"about":[{"href":"https:\/\/drmeralsozer.com\/de\/wp-json\/wp\/v2\/types\/page"}],"author":[{"embeddable":true,"href":"https:\/\/drmeralsozer.com\/de\/wp-json\/wp\/v2\/users\/233021080"}],"replies":[{"embeddable":true,"href":"https:\/\/drmeralsozer.com\/de\/wp-json\/wp\/v2\/comments?post=11512"}],"version-history":[{"count":2,"href":"https:\/\/drmeralsozer.com\/de\/wp-json\/wp\/v2\/pages\/11512\/revisions"}],"predecessor-version":[{"id":11693,"href":"https:\/\/drmeralsozer.com\/de\/wp-json\/wp\/v2\/pages\/11512\/revisions\/11693"}],"wp:featuredmedia":[{"embeddable":true,"href":"https:\/\/drmeralsozer.com\/de\/wp-json\/wp\/v2\/media\/11413"}],"wp:attachment":[{"href":"https:\/\/drmeralsozer.com\/de\/wp-json\/wp\/v2\/media?parent=11512"}],"curies":[{"name":"wp","href":"https:\/\/api.w.org\/{rel}","templated":true}]}}