{"id":11516,"date":"2024-12-14T03:13:01","date_gmt":"2024-12-14T00:13:01","guid":{"rendered":"https:\/\/drmeralsozer.com\/unfruchtbarkeit-und-reproduktionsgesundheit\/"},"modified":"2025-04-26T20:27:32","modified_gmt":"2025-04-26T17:27:32","slug":"unfruchtbarkeit-und-reproduktionsgesundheit","status":"publish","type":"page","link":"https:\/\/drmeralsozer.com\/de\/unfruchtbarkeit-und-reproduktionsgesundheit\/","title":{"rendered":"Unfruchtbarkeit und Reproduktionsgesundheit"},"content":{"rendered":"\r\n\n  <div class=\"banner has-hover\" id=\"banner-1924244103\">\n          <div class=\"banner-inner fill\">\n        <div class=\"banner-bg fill\" >\n                                    <div class=\"overlay\"><\/div>            \n                    <\/div>\n\t\t\n        <div class=\"banner-layers container\">\n            <div class=\"fill banner-link\"><\/div>                <div id=\"text-box-1745463661\" class=\"text-box banner-layer header-cover-inner x0 md-x50 lg-x5 y50 md-y50 lg-y50 res-text\">\n              <div data-parallax=\"2\" data-parallax-fade=\"true\">       <div data-animate=\"fadeInUp\">           <div class=\"text-box-content text dark\">\n              \n              <div class=\"text-inner text-left\">\n                   \t<div id=\"text-2881061728\" class=\"text\">\n\t\t\r\n<h5 class=\"p1\"><b>Unfruchtbarkeit und Reproduktionsgesundheit<\/b><\/h5>\r\n\t\t\n<style>\n#text-2881061728 {\n  font-size: 1rem;\n  text-align: left;\n  color: rgb(0, 0, 0);\n}\n#text-2881061728 > * {\n  color: rgb(0, 0, 0);\n}\n@media (min-width:550px) {\n  #text-2881061728 {\n    font-size: 1.15rem;\n  }\n}\n<\/style>\n\t<\/div>\n\t \t<div id=\"text-2146589016\" class=\"text\">\n\t\t\r\n<h2 class=\"p1\"><b>  Unfruchtbarkeit und Reproduktionsgesundheit  <\/b><\/h2>\r\n\t\t\n<style>\n#text-2146589016 {\n  font-size: 1.35rem;\n  text-align: left;\n  color: rgb(0,0,0);\n}\n#text-2146589016 > * {\n  color: rgb(0,0,0);\n}\n@media (min-width:550px) {\n  #text-2146589016 {\n    font-size: 1.15rem;\n  }\n}\n<\/style>\n\t<\/div>\n\t \t<div id=\"text-2504011250\" class=\"text\">\n\t\t\r\n<p class=\"p1\">Unfruchtbarkeit ist die Unf\u00e4higkeit, trotz regelm\u00e4\u00dfigem ungesch\u00fctztem Geschlechtsverkehr \u00fcber ein Jahr hinweg schwanger zu werden.<\/p>\r\n\t\t\n<style>\n#text-2504011250 {\n  font-size: 1.25rem;\n  color: rgb(0,0,0);\n}\n#text-2504011250 > * {\n  color: rgb(0,0,0);\n}\n@media (min-width:550px) {\n  #text-2504011250 {\n    font-size: 1rem;\n  }\n}\n<\/style>\n\t<\/div>\n\t \t<div id=\"gap-1511802487\" class=\"gap-element clearfix\" style=\"display:block; height:auto;\">\n\t\t\n<style>\n#gap-1511802487 {\n  padding-top: 20px;\n}\n@media (min-width:550px) {\n  #gap-1511802487 {\n    padding-top: 30px;\n  }\n}\n<\/style>\n\t<\/div>\n\t <a href=\"#daha-fazla-bilgi-al\" class=\"button white lowercase button-pink\"  >\n\t\t<span>Mehr Informationen erhalten<\/span>\n\t<i class=\"icon-angle-down\" aria-hidden=\"true\" ><\/i><\/a>\n <a href=\"https:\/\/drmeralsozer.com\/de\/kontakt\/\" class=\"button white lowercase button-dodgerblue\" rel=\"follow\"  >\n\t\t<span>Einen Termin buchen<\/span>\n\t<\/a>\n               <\/div>\n           <\/div>\n       <\/div>       <\/div>              \n<style>\n#text-box-1745463661 .text-box-content {\n  background-color: rgba(0, 0, 0, 0);\n  font-size: 100%;\n}\n#text-box-1745463661 {\n  width: 100%;\n}\n@media (min-width:550px) {\n  #text-box-1745463661 {\n    width: 86%;\n  }\n}\n@media (min-width:850px) {\n  #text-box-1745463661 {\n    width: 67%;\n  }\n}\n<\/style>\n    <\/div>\n          <\/div>\n      <\/div>\n\n            \n<style>\n#banner-1924244103 {\n  padding-top: 545px;\n  background-color: rgb(232, 232, 232);\n}\n#banner-1924244103 .overlay {\n  background-color: rgba(255, 255, 255, 0);\n}\n@media (min-width:550px) {\n  #banner-1924244103 {\n    padding-top: 507px;\n  }\n}\n<\/style>\n  <\/div>\n\n <span class=\"scroll-to\" data-label=\"Scroll to: #daha-fazla-bilgi-al\" data-bullet=\"false\" data-link=\"#daha-fazla-bilgi-al\" data-title=\"Daha Fazla Bilgi Al\" ><a name=\"daha-fazla-bilgi-al\"><\/a><\/span> \n\t<section class=\"section\" id=\"section_914319948\">\n\t\t<div class=\"section-bg fill\" >\n\t\t\t\t\t\t\t\t\t\n\t\t\t\n\n\t\t<\/div>\n\n\t\t\n\n\t\t<div class=\"section-content relative\">\n\t\t\t <div class=\"row align-middle align-center\"  id=\"row-1878677890\"> \n\t<div id=\"col-2035942760\" class=\"col medium-11 small-11 large-11\"  >\n\t\t\t\t<div class=\"col-inner\"  >\n\t\t\t\n\t\t\t \t<div id=\"gap-1723939696\" class=\"gap-element clearfix\" style=\"display:block; height:auto;\">\n\t\t\n<style>\n#gap-1723939696 {\n  padding-top: 50px;\n}\n@media (min-width:550px) {\n  #gap-1723939696 {\n    padding-top: 70px;\n  }\n}\n<\/style>\n\t<\/div>\n\t \t<div id=\"text-4240132179\" class=\"text\">\n\t\t\r\n<h3><strong>Unfruchtbarkeit<\/strong><\/h3>\r\n<p class=\"p1\">Menschen, die Schwierigkeiten haben, ein Kind zu bekommen, sollten sich zun\u00e4chst an einen Gyn\u00e4kologen wenden. Die l\u00e4ngere Lebenserwartung der Menschen und der Kinderwunsch in h\u00f6herem Alter geh\u00f6ren heute zu den wichtigen Faktoren, die die Unfruchtbarkeitsrate erh\u00f6hen. Bei Frauen unter 35 Jahren k\u00f6nnen eine regelm\u00e4\u00dfige Gesundheitsuntersuchung, routinem\u00e4\u00dfige Bluttests und ein Infektionsscreening vor der Geburt eines Kindes viele unerw\u00fcnschte Zust\u00e4nde verhindern, die w\u00e4hrend der Schwangerschaft auftreten k\u00f6nnen.  <\/p>\r\n<h3 class=\"p1\"><b>Gesunder Lebensstil und Reproduktionsgesundheit<\/b><b><\/b><\/h3>\r\n<p class=\"p1\">Eine gesunde Lebensweise ist bei der Behandlung von Unfruchtbarkeit von gro\u00dfer Bedeutung. Eine nat\u00fcrliche und ausgewogene Ern\u00e4hrung, der Verzicht auf Alkohol und Rauchen, die Einschr\u00e4nkung der Kohlenhydrat- und Zuckeraufnahme sind die grundlegenden Schritte zur Unterst\u00fctzung der reproduktiven Gesundheit. Dar\u00fcber hinaus kann \u00fcberm\u00e4\u00dfiger Alkohol- und Zigarettenkonsum bei M\u00e4nnern die Spermienzahl beeintr\u00e4chtigen und zu Unfruchtbarkeitsproblemen f\u00fchren.  <\/p>\r\n<h3 class=\"p1\"><b>Behandlungsm\u00f6glichkeiten f\u00fcr die Reproduktionsmedizin<\/b><b><\/b><\/h3>\r\n<p class=\"p1\">Bei der Behandlung von Unfruchtbarkeit gibt es verschiedene medizinische Behandlungsmodalit\u00e4ten. Dazu geh\u00f6ren Fruchtbarkeitsbehandlungen, Insemination und In-vitro-Fertilisation (IVF). Der Behandlungsprozess sollte von einem pers\u00f6nlichen Plan gepr\u00e4gt sein, der die individuelle Situation und die Bed\u00fcrfnisse ber\u00fccksichtigt. Gemeinsame Entscheidungen zwischen Arzt und Patient spielen im Behandlungsprozess eine wichtige Rolle. Dar\u00fcber hinaus kann sich auch die psychische Gesundheit des Patienten positiv auf den Behandlungsprozess auswirken.    <\/p>\r\n\t\t\n<style>\n#text-4240132179 {\n  color: rgb(0,0,0);\n}\n#text-4240132179 > * {\n  color: rgb(0,0,0);\n}\n<\/style>\n\t<\/div>\n\t \t\t<\/div>\n\t\t\t\t\n<style>\n#col-2035942760 > .col-inner {\n  padding: 0px 0px 5px 0px;\n  margin: 0px 0px -20px 0px;\n}\n@media (min-width:550px) {\n  #col-2035942760 > .col-inner {\n    padding: 0px 0px 0px 0px;\n  }\n}\n@media (min-width:850px) {\n  #col-2035942760 > .col-inner {\n    padding: 0px 0px 20px 0px;\n  }\n}\n<\/style>\n\t<\/div>\n\n\t <\/div> \t\t<\/div>\n\n\t\t\n<style>\n#section_914319948 {\n  padding-top: 0px;\n  padding-bottom: 0px;\n}\n<\/style>\n\t<\/section>\n\t \n\t<section class=\"section\" id=\"section_1021068899\">\n\t\t<div class=\"section-bg fill\" >\n\t\t\t\t\t\t\t\t\t\n\t\t\t\n\n\t\t<\/div>\n\n\t\t\n\n\t\t<div class=\"section-content relative\">\n\t\t\t <div class=\"row align-middle align-center\"  id=\"row-434919826\"> \n\t<div id=\"col-1383230142\" class=\"col small-12 large-12\"  >\n\t\t\t\t<div class=\"col-inner\"  >\n\t\t\t\n\t\t\t <div class=\"row align-middle align-center\"  id=\"row-51706648\"> \n\t<div id=\"col-734042578\" class=\"col medium-12 small-12 large-6\"  data-animate=\"fadeInLeft\">\n\t\t\t\t<div class=\"col-inner\" style=\"background-color:rgba(0, 0, 0, 0.035);\" >\n\t\t\t\n\t\t\t \t<div id=\"text-2569297257\" class=\"text\">\n\t\t\r\n<h2><strong>Kontakt und Terminvereinbarungen<\/strong><\/h2>\r\n\t\t\n<style>\n#text-2569297257 {\n  font-size: 1.55rem;\n  color: rgb(0, 0, 0);\n}\n#text-2569297257 > * {\n  color: rgb(0, 0, 0);\n}\n@media (min-width:550px) {\n  #text-2569297257 {\n    font-size: 1.5rem;\n  }\n}\n@media (min-width:850px) {\n  #text-2569297257 {\n    font-size: 1.65rem;\n  }\n}\n<\/style>\n\t<\/div>\n\t \t<div id=\"text-1481523864\" class=\"text\">\n\t\t\r\n<p>Sie k\u00f6nnen uns ein Kontaktformular f\u00fcr Ihre Fragen schicken, oder Sie k\u00f6nnen einen Termin f\u00fcr Ihre Untersuchung vereinbaren.<\/p>\r\n\t\t\n<style>\n#text-1481523864 {\n  color: rgb(0, 0, 0);\n}\n#text-1481523864 > * {\n  color: rgb(0, 0, 0);\n}\n<\/style>\n\t<\/div>\n\t \t<div id=\"gap-1492412098\" class=\"gap-element clearfix\" style=\"display:block; height:auto;\">\n\t\t\n<style>\n#gap-1492412098 {\n  padding-top: 30px;\n}\n<\/style>\n\t<\/div>\n\t <a href=\"https:\/\/drmeralsozer.com\/de\/kontakt\/\" class=\"button white button-pink\" rel=\"follow\"  >\n\t\t<span>Einen Termin buchen<\/span>\n\t<\/a>\n \t\t<\/div>\n\t\t\t\t\n<style>\n#col-734042578 > .col-inner {\n  padding: 40px 20px 40px 30px;\n  margin: 0px 0px 0px 0px;\n  border-radius: 33px;\n}\n@media (min-width:550px) {\n  #col-734042578 > .col-inner {\n    padding: 75px 30px 90px 30px;\n    margin: 0px 0px 0px 0px;\n  }\n}\n@media (min-width:850px) {\n  #col-734042578 > .col-inner {\n    padding: 90px 30px 90px 50px;\n    margin: 0px 0px 0px 0px;\n  }\n}\n<\/style>\n\t<\/div>\n\n\t \n\t<div id=\"col-1229184906\" class=\"col medium-12 small-12 large-6\"  data-animate=\"fadeInRight\">\n\t\t\t\t<div class=\"col-inner\" style=\"background-color:rgba(0, 0, 0, 0.035);\" >\n\t\t\t\n\t\t\t \t<div id=\"text-2322773152\" class=\"text\">\n\t\t\r\n<h2><strong>Bereiche der Expertise<\/strong><\/h2>\r\n\t\t\n<style>\n#text-2322773152 {\n  font-size: 1.55rem;\n  color: rgb(0, 0, 0);\n}\n#text-2322773152 > * {\n  color: rgb(0, 0, 0);\n}\n@media (min-width:550px) {\n  #text-2322773152 {\n    font-size: 1.5rem;\n  }\n}\n@media (min-width:850px) {\n  #text-2322773152 {\n    font-size: 1.65rem;\n  }\n}\n<\/style>\n\t<\/div>\n\t \t<div id=\"text-1475512345\" class=\"text\">\n\t\t\r\n<p>Mehr \u00fcber die Themen, die Sie untersuchen lassen m\u00f6chten, erfahren Sie in unseren anderen Fachgebieten.<\/p>\r\n\t\t\n<style>\n#text-1475512345 {\n  color: rgb(0, 0, 0);\n}\n#text-1475512345 > * {\n  color: rgb(0, 0, 0);\n}\n<\/style>\n\t<\/div>\n\t \t<div id=\"gap-1026815476\" class=\"gap-element clearfix\" style=\"display:block; height:auto;\">\n\t\t\n<style>\n#gap-1026815476 {\n  padding-top: 30px;\n}\n<\/style>\n\t<\/div>\n\t <a href=\"https:\/\/drmeralsozer.com\/de\/bereiche-der-expertise\/\" class=\"button white button-dodgerblue\" rel=\"follow\"  >\n\t\t<span>\u00dcberpr\u00fcfung<\/span>\n\t<i class=\"icon-angle-right\" aria-hidden=\"true\" ><\/i><\/a>\n \t\t<\/div>\n\t\t\t\t\n<style>\n#col-1229184906 > .col-inner {\n  padding: 40px 20px 40px 30px;\n  margin: 0px 0px -20px 0px;\n  border-radius: 33px;\n}\n@media (min-width:550px) {\n  #col-1229184906 > .col-inner {\n    padding: 75px 30px 90px 30px;\n    margin: 0px 0px 0px 0px;\n  }\n}\n@media (min-width:850px) {\n  #col-1229184906 > .col-inner {\n    padding: 90px 30px 90px 50px;\n    margin: 0px 0px 0px 0px;\n  }\n}\n<\/style>\n\t<\/div>\n\n\t <\/div> \t\t<\/div>\n\t\t\t\t\t<\/div>\n\n\t \n<style>\n#row-434919826 > .col > .col-inner {\n  padding: 0px 10px 0px 10px;\n}\n@media (min-width:550px) {\n  #row-434919826 > .col > .col-inner {\n    padding: 0px 55px 0px 55px;\n  }\n}\n@media (min-width:850px) {\n  #row-434919826 > .col > .col-inner {\n    padding: 0px 50px 0px 50px;\n  }\n}\n<\/style>\n<\/div> \t\t<\/div>\n\n\t\t\n<style>\n#section_1021068899 {\n  padding-top: 0px;\n  padding-bottom: 0px;\n  background-color: rgb(255, 255, 255);\n}\n<\/style>\n\t<\/section>\n\t\r\n","protected":false},"excerpt":{"rendered":"","protected":false},"author":233021080,"featured_media":11420,"parent":0,"menu_order":0,"comment_status":"closed","ping_status":"closed","template":"page-blank.php","meta":{"footnotes":""},"class_list":["post-11516","page","type-page","status-publish","has-post-thumbnail","hentry"],"jetpack_likes_enabled":true,"jetpack_sharing_enabled":true,"jetpack_shortlink":"https:\/\/wp.me\/Pg7ghp-2ZK","jetpack-related-posts":[],"_links":{"self":[{"href":"https:\/\/drmeralsozer.com\/de\/wp-json\/wp\/v2\/pages\/11516","targetHints":{"allow":["GET"]}}],"collection":[{"href":"https:\/\/drmeralsozer.com\/de\/wp-json\/wp\/v2\/pages"}],"about":[{"href":"https:\/\/drmeralsozer.com\/de\/wp-json\/wp\/v2\/types\/page"}],"author":[{"embeddable":true,"href":"https:\/\/drmeralsozer.com\/de\/wp-json\/wp\/v2\/users\/233021080"}],"replies":[{"embeddable":true,"href":"https:\/\/drmeralsozer.com\/de\/wp-json\/wp\/v2\/comments?post=11516"}],"version-history":[{"count":2,"href":"https:\/\/drmeralsozer.com\/de\/wp-json\/wp\/v2\/pages\/11516\/revisions"}],"predecessor-version":[{"id":11697,"href":"https:\/\/drmeralsozer.com\/de\/wp-json\/wp\/v2\/pages\/11516\/revisions\/11697"}],"wp:featuredmedia":[{"embeddable":true,"href":"https:\/\/drmeralsozer.com\/de\/wp-json\/wp\/v2\/media\/11420"}],"wp:attachment":[{"href":"https:\/\/drmeralsozer.com\/de\/wp-json\/wp\/v2\/media?parent=11516"}],"curies":[{"name":"wp","href":"https:\/\/api.w.org\/{rel}","templated":true}]}}