{"id":11517,"date":"2024-12-14T03:13:01","date_gmt":"2024-12-14T00:13:01","guid":{"rendered":"https:\/\/drmeralsozer.com\/praekanzeroese-laesionen-nach-hpv-infektion\/"},"modified":"2025-04-26T20:29:38","modified_gmt":"2025-04-26T17:29:38","slug":"praekanzeroese-laesionen-nach-hpv-infektion","status":"publish","type":"page","link":"https:\/\/drmeralsozer.com\/de\/praekanzeroese-laesionen-nach-hpv-infektion\/","title":{"rendered":"Pr\u00e4kanzer\u00f6se L\u00e4sionen nach HPV-Infektion"},"content":{"rendered":"\r\n\n  <div class=\"banner has-hover\" id=\"banner-2144624622\">\n          <div class=\"banner-inner fill\">\n        <div class=\"banner-bg fill\" >\n                                    <div class=\"overlay\"><\/div>            \n                    <\/div>\n\t\t\n        <div class=\"banner-layers container\">\n            <div class=\"fill banner-link\"><\/div>                <div id=\"text-box-1106448393\" class=\"text-box banner-layer header-cover-inner x0 md-x50 lg-x5 y50 md-y50 lg-y50 res-text\">\n              <div data-parallax=\"2\" data-parallax-fade=\"true\">       <div data-animate=\"fadeInUp\">           <div class=\"text-box-content text dark\">\n              \n              <div class=\"text-inner text-left\">\n                   \t<div id=\"text-2263392915\" class=\"text\">\n\t\t\r\n<h5 class=\"p1\"><b>  ASCUS, GIN 1, GIN 2, GIN 3  <\/b><\/h5>\r\n\t\t\n<style>\n#text-2263392915 {\n  font-size: 1rem;\n  text-align: left;\n  color: rgb(0, 0, 0);\n}\n#text-2263392915 > * {\n  color: rgb(0, 0, 0);\n}\n@media (min-width:550px) {\n  #text-2263392915 {\n    font-size: 1.15rem;\n  }\n}\n<\/style>\n\t<\/div>\n\t \t<div id=\"text-2009266967\" class=\"text\">\n\t\t\r\n<h2 class=\"p1\"><b>Pr\u00e4kanzer\u00f6se L\u00e4sionen nach HPV-Infektion<\/b><\/h2>\r\n\t\t\n<style>\n#text-2009266967 {\n  font-size: 1.35rem;\n  text-align: left;\n  color: rgb(0,0,0);\n}\n#text-2009266967 > * {\n  color: rgb(0,0,0);\n}\n@media (min-width:550px) {\n  #text-2009266967 {\n    font-size: 1.15rem;\n  }\n}\n<\/style>\n\t<\/div>\n\t \t<div id=\"text-2404711781\" class=\"text\">\n\t\t\r\n<p class=\"p1\">Nach einer <b>HPV-Infektion (Humanes Papillomavirus)<\/b> k\u00f6nnen sich pr\u00e4kanzer\u00f6se L\u00e4sionen entwickeln. Diese L\u00e4sionen k\u00f6nnen zu Ver\u00e4nderungen in den Zellen des Geb\u00e4rmutterhalses f\u00fchren und in der Zukunft ein Krebsrisiko darstellen. <\/p>\r\n\t\t\n<style>\n#text-2404711781 {\n  font-size: 1.25rem;\n  color: rgb(0,0,0);\n}\n#text-2404711781 > * {\n  color: rgb(0,0,0);\n}\n@media (min-width:550px) {\n  #text-2404711781 {\n    font-size: 1rem;\n  }\n}\n<\/style>\n\t<\/div>\n\t \t<div id=\"gap-668787634\" class=\"gap-element clearfix\" style=\"display:block; height:auto;\">\n\t\t\n<style>\n#gap-668787634 {\n  padding-top: 20px;\n}\n@media (min-width:550px) {\n  #gap-668787634 {\n    padding-top: 30px;\n  }\n}\n<\/style>\n\t<\/div>\n\t <a href=\"#daha-fazla-bilgi-al\" class=\"button white lowercase button-pink\"  >\n\t\t<span>Mehr Informationen erhalten<\/span>\n\t<i class=\"icon-angle-down\" aria-hidden=\"true\" ><\/i><\/a>\n <a href=\"https:\/\/drmeralsozer.com\/de\/kontakt\/\" class=\"button white lowercase button-dodgerblue\" rel=\"follow\"  >\n\t\t<span>Einen Termin buchen<\/span>\n\t<\/a>\n               <\/div>\n           <\/div>\n       <\/div>       <\/div>              \n<style>\n#text-box-1106448393 .text-box-content {\n  background-color: rgba(0, 0, 0, 0);\n  font-size: 100%;\n}\n#text-box-1106448393 {\n  width: 100%;\n}\n@media (min-width:550px) {\n  #text-box-1106448393 {\n    width: 86%;\n  }\n}\n@media (min-width:850px) {\n  #text-box-1106448393 {\n    width: 67%;\n  }\n}\n<\/style>\n    <\/div>\n          <\/div>\n      <\/div>\n\n            \n<style>\n#banner-2144624622 {\n  padding-top: 545px;\n  background-color: rgb(232, 232, 232);\n}\n#banner-2144624622 .overlay {\n  background-color: rgba(255, 255, 255, 0);\n}\n@media (min-width:550px) {\n  #banner-2144624622 {\n    padding-top: 507px;\n  }\n}\n<\/style>\n  <\/div>\n\n <span class=\"scroll-to\" data-label=\"Scroll to: #daha-fazla-bilgi-al\" data-bullet=\"false\" data-link=\"#daha-fazla-bilgi-al\" data-title=\"Daha Fazla Bilgi Al\" ><a name=\"daha-fazla-bilgi-al\"><\/a><\/span> \n\t<section class=\"section\" id=\"section_2050862890\">\n\t\t<div class=\"section-bg fill\" >\n\t\t\t\t\t\t\t\t\t\n\t\t\t\n\n\t\t<\/div>\n\n\t\t\n\n\t\t<div class=\"section-content relative\">\n\t\t\t <div class=\"row align-middle align-center\"  id=\"row-97368329\"> \n\t<div id=\"col-292693396\" class=\"col medium-11 small-11 large-11\"  >\n\t\t\t\t<div class=\"col-inner\"  >\n\t\t\t\n\t\t\t \t<div id=\"gap-138321446\" class=\"gap-element clearfix\" style=\"display:block; height:auto;\">\n\t\t\n<style>\n#gap-138321446 {\n  padding-top: 50px;\n}\n@media (min-width:550px) {\n  #gap-138321446 {\n    padding-top: 70px;\n  }\n}\n<\/style>\n\t<\/div>\n\t \t<div id=\"text-764689212\" class=\"text\">\n\t\t\r\n<p class=\"p1\">Begriffe wie <b>ASCUS<\/b> (Atypische Plattenepithelzellen), <b>CIN 1<\/b> (Zervikale Intraepitheliale Neoplasie 1), <b>CIN 2<\/b> und <b>CIN 3<\/b> beziehen sich auf den Grad dieser Ver\u00e4nderungen.<\/p>\r\n<h3 class=\"p2\"><b>Auswirkungen einer HPV-Infektion in Abh\u00e4ngigkeit vom Alter<\/b><\/h3>\r\n<p class=\"p1\">Der Behandlungsprozess von pr\u00e4kanzer\u00f6sen L\u00e4sionen, die sich nach einer HPV-Infektion entwickeln, kann je nach Alter des Patienten stark variieren. Bei Personen <b>unter 25 Jahren<\/b> k\u00f6nnen die zellul\u00e4ren Ver\u00e4nderungen aufgrund einer HPV-Infektion in der Regel vom k\u00f6rpereigenen Immunsystem kontrolliert werden. Frauen in dieser Altersgruppe k\u00f6nnen die Krankheit oft \u00fcberwinden, auch wenn sie Tr\u00e4gerinnen der Infektion sind. <\/p>\r\n<h3 class=\"p2\"><b>Interventionsmethoden bei pr\u00e4kanzer\u00f6sen L\u00e4sionen<\/b><\/h3>\r\n<p class=\"p1\">Bei <b>Frauen, die die Anzahl der Kinder erreicht haben<\/b>, kann die Behandlung von Krebsvorstufen fortgeschrittenere Eingriffe erfordern. In diesem Fall werden oft eine <b>Biopsie<\/b> und eine <b>Exzision<\/b> (chirurgische Entfernung der L\u00e4sion) bevorzugt. Solche Eingriffe sind besonders wichtig, wenn die L\u00e4sionen das Potenzial haben zu wachsen.  <\/p>\r\n<h3 class=\"p2\"><b>Die Bedeutung einer fr\u00fchzeitigen Diagnose und Behandlung<\/b><\/h3>\r\n<p class=\"p1\">Frauen mit <b>genitalen L\u00e4sionen<\/b> <b>sollten<\/b> so bald wie m\u00f6glich einen <b>Gyn\u00e4kologen aufsuchen<\/b>, wenn ihre Partner ebenfalls \u00e4hnliche L\u00e4sionen haben. Eine fr\u00fchzeitige \u00dcberweisung erm\u00f6glicht es, die Krankheit zu diagnostizieren, bevor sie zu einem fortgeschrittenen Stadium fortschreitet und die notwendige Behandlung eingeleitet werden kann. Eine fr\u00fchzeitige Diagnose macht den Behandlungsprozess effizienter und kann m\u00f6gliche Gesundheitsprobleme verhindern.  <\/p>\r\n\t\t\n<style>\n#text-764689212 {\n  color: rgb(0,0,0);\n}\n#text-764689212 > * {\n  color: rgb(0,0,0);\n}\n<\/style>\n\t<\/div>\n\t \t\t<\/div>\n\t\t\t\t\n<style>\n#col-292693396 > .col-inner {\n  padding: 0px 0px 5px 0px;\n  margin: 0px 0px -20px 0px;\n}\n@media (min-width:550px) {\n  #col-292693396 > .col-inner {\n    padding: 0px 0px 0px 0px;\n  }\n}\n@media (min-width:850px) {\n  #col-292693396 > .col-inner {\n    padding: 0px 0px 20px 0px;\n  }\n}\n<\/style>\n\t<\/div>\n\n\t <\/div> \t\t<\/div>\n\n\t\t\n<style>\n#section_2050862890 {\n  padding-top: 0px;\n  padding-bottom: 0px;\n}\n<\/style>\n\t<\/section>\n\t \n\t<section class=\"section\" id=\"section_791452786\">\n\t\t<div class=\"section-bg fill\" >\n\t\t\t\t\t\t\t\t\t\n\t\t\t\n\n\t\t<\/div>\n\n\t\t\n\n\t\t<div class=\"section-content relative\">\n\t\t\t <div class=\"row align-middle align-center\"  id=\"row-1078673344\"> \n\t<div id=\"col-1789807689\" class=\"col small-12 large-12\"  >\n\t\t\t\t<div class=\"col-inner\"  >\n\t\t\t\n\t\t\t <div class=\"row align-middle align-center\"  id=\"row-1703850191\"> \n\t<div id=\"col-810959242\" class=\"col medium-12 small-12 large-6\"  data-animate=\"fadeInLeft\">\n\t\t\t\t<div class=\"col-inner\" style=\"background-color:rgba(0, 0, 0, 0.035);\" >\n\t\t\t\n\t\t\t \t<div id=\"text-905103795\" class=\"text\">\n\t\t\r\n<h2><strong>Kontakt und Terminvereinbarungen<\/strong><\/h2>\r\n\t\t\n<style>\n#text-905103795 {\n  font-size: 1.55rem;\n  color: rgb(0, 0, 0);\n}\n#text-905103795 > * {\n  color: rgb(0, 0, 0);\n}\n@media (min-width:550px) {\n  #text-905103795 {\n    font-size: 1.5rem;\n  }\n}\n@media (min-width:850px) {\n  #text-905103795 {\n    font-size: 1.65rem;\n  }\n}\n<\/style>\n\t<\/div>\n\t \t<div id=\"text-367352191\" class=\"text\">\n\t\t\r\n<p>Sie k\u00f6nnen uns ein Kontaktformular f\u00fcr Ihre Fragen schicken, oder Sie k\u00f6nnen einen Termin f\u00fcr Ihre Untersuchung vereinbaren.<\/p>\r\n\t\t\n<style>\n#text-367352191 {\n  color: rgb(0, 0, 0);\n}\n#text-367352191 > * {\n  color: rgb(0, 0, 0);\n}\n<\/style>\n\t<\/div>\n\t \t<div id=\"gap-1696516733\" class=\"gap-element clearfix\" style=\"display:block; height:auto;\">\n\t\t\n<style>\n#gap-1696516733 {\n  padding-top: 30px;\n}\n<\/style>\n\t<\/div>\n\t <a href=\"https:\/\/drmeralsozer.com\/de\/kontakt\/\" class=\"button white button-pink\" rel=\"follow\"  >\n\t\t<span>Einen Termin buchen<\/span>\n\t<\/a>\n \t\t<\/div>\n\t\t\t\t\n<style>\n#col-810959242 > .col-inner {\n  padding: 40px 20px 40px 30px;\n  margin: 0px 0px 0px 0px;\n  border-radius: 33px;\n}\n@media (min-width:550px) {\n  #col-810959242 > .col-inner {\n    padding: 75px 30px 90px 30px;\n    margin: 0px 0px 0px 0px;\n  }\n}\n@media (min-width:850px) {\n  #col-810959242 > .col-inner {\n    padding: 90px 30px 90px 50px;\n    margin: 0px 0px 0px 0px;\n  }\n}\n<\/style>\n\t<\/div>\n\n\t \n\t<div id=\"col-314521427\" class=\"col medium-12 small-12 large-6\"  data-animate=\"fadeInRight\">\n\t\t\t\t<div class=\"col-inner\" style=\"background-color:rgba(0, 0, 0, 0.035);\" >\n\t\t\t\n\t\t\t \t<div id=\"text-229552176\" class=\"text\">\n\t\t\r\n<h2><strong>Bereiche der Expertise<\/strong><\/h2>\r\n\t\t\n<style>\n#text-229552176 {\n  font-size: 1.55rem;\n  color: rgb(0, 0, 0);\n}\n#text-229552176 > * {\n  color: rgb(0, 0, 0);\n}\n@media (min-width:550px) {\n  #text-229552176 {\n    font-size: 1.5rem;\n  }\n}\n@media (min-width:850px) {\n  #text-229552176 {\n    font-size: 1.65rem;\n  }\n}\n<\/style>\n\t<\/div>\n\t \t<div id=\"text-495828056\" class=\"text\">\n\t\t\r\n<p>Mehr \u00fcber die Themen, die Sie untersuchen lassen m\u00f6chten, erfahren Sie in unseren anderen Fachgebieten.<\/p>\r\n\t\t\n<style>\n#text-495828056 {\n  color: rgb(0, 0, 0);\n}\n#text-495828056 > * {\n  color: rgb(0, 0, 0);\n}\n<\/style>\n\t<\/div>\n\t \t<div id=\"gap-1454425687\" class=\"gap-element clearfix\" style=\"display:block; height:auto;\">\n\t\t\n<style>\n#gap-1454425687 {\n  padding-top: 30px;\n}\n<\/style>\n\t<\/div>\n\t <a href=\"https:\/\/drmeralsozer.com\/de\/bereiche-der-expertise\/\" class=\"button white button-dodgerblue\" rel=\"follow\"  >\n\t\t<span>\u00dcberpr\u00fcfung<\/span>\n\t<i class=\"icon-angle-right\" aria-hidden=\"true\" ><\/i><\/a>\n \t\t<\/div>\n\t\t\t\t\n<style>\n#col-314521427 > .col-inner {\n  padding: 40px 20px 40px 30px;\n  margin: 0px 0px -20px 0px;\n  border-radius: 33px;\n}\n@media (min-width:550px) {\n  #col-314521427 > .col-inner {\n    padding: 75px 30px 90px 30px;\n    margin: 0px 0px 0px 0px;\n  }\n}\n@media (min-width:850px) {\n  #col-314521427 > .col-inner {\n    padding: 90px 30px 90px 50px;\n    margin: 0px 0px 0px 0px;\n  }\n}\n<\/style>\n\t<\/div>\n\n\t <\/div> \t\t<\/div>\n\t\t\t\t\t<\/div>\n\n\t \n<style>\n#row-1078673344 > .col > .col-inner {\n  padding: 0px 10px 0px 10px;\n}\n@media (min-width:550px) {\n  #row-1078673344 > .col > .col-inner {\n    padding: 0px 55px 0px 55px;\n  }\n}\n@media (min-width:850px) {\n  #row-1078673344 > .col > .col-inner {\n    padding: 0px 50px 0px 50px;\n  }\n}\n<\/style>\n<\/div> \t\t<\/div>\n\n\t\t\n<style>\n#section_791452786 {\n  padding-top: 0px;\n  padding-bottom: 0px;\n  background-color: rgb(255, 255, 255);\n}\n<\/style>\n\t<\/section>\n\t\r\n","protected":false},"excerpt":{"rendered":"","protected":false},"author":233021080,"featured_media":11407,"parent":0,"menu_order":0,"comment_status":"closed","ping_status":"closed","template":"page-blank.php","meta":{"footnotes":""},"class_list":["post-11517","page","type-page","status-publish","has-post-thumbnail","hentry"],"jetpack_likes_enabled":true,"jetpack_sharing_enabled":true,"jetpack_shortlink":"https:\/\/wp.me\/Pg7ghp-2ZL","jetpack-related-posts":[],"_links":{"self":[{"href":"https:\/\/drmeralsozer.com\/de\/wp-json\/wp\/v2\/pages\/11517","targetHints":{"allow":["GET"]}}],"collection":[{"href":"https:\/\/drmeralsozer.com\/de\/wp-json\/wp\/v2\/pages"}],"about":[{"href":"https:\/\/drmeralsozer.com\/de\/wp-json\/wp\/v2\/types\/page"}],"author":[{"embeddable":true,"href":"https:\/\/drmeralsozer.com\/de\/wp-json\/wp\/v2\/users\/233021080"}],"replies":[{"embeddable":true,"href":"https:\/\/drmeralsozer.com\/de\/wp-json\/wp\/v2\/comments?post=11517"}],"version-history":[{"count":2,"href":"https:\/\/drmeralsozer.com\/de\/wp-json\/wp\/v2\/pages\/11517\/revisions"}],"predecessor-version":[{"id":11605,"href":"https:\/\/drmeralsozer.com\/de\/wp-json\/wp\/v2\/pages\/11517\/revisions\/11605"}],"wp:featuredmedia":[{"embeddable":true,"href":"https:\/\/drmeralsozer.com\/de\/wp-json\/wp\/v2\/media\/11407"}],"wp:attachment":[{"href":"https:\/\/drmeralsozer.com\/de\/wp-json\/wp\/v2\/media?parent=11517"}],"curies":[{"name":"wp","href":"https:\/\/api.w.org\/{rel}","templated":true}]}}