{"id":11525,"date":"2024-12-14T03:13:01","date_gmt":"2024-12-14T00:13:01","guid":{"rendered":"https:\/\/drmeralsozer.com\/blutungsstoerungen-in-der-adoleszenz\/"},"modified":"2025-04-26T19:26:47","modified_gmt":"2025-04-26T16:26:47","slug":"blutungsstoerungen-in-der-adoleszenz","status":"publish","type":"page","link":"https:\/\/drmeralsozer.com\/de\/blutungsstoerungen-in-der-adoleszenz\/","title":{"rendered":"Blutungsst\u00f6rungen in der Adoleszenz"},"content":{"rendered":"\r\n\n  <div class=\"banner has-hover\" id=\"banner-1852904597\">\n          <div class=\"banner-inner fill\">\n        <div class=\"banner-bg fill\" >\n                                    <div class=\"overlay\"><\/div>            \n                    <\/div>\n\t\t\n        <div class=\"banner-layers container\">\n            <div class=\"fill banner-link\"><\/div>                <div id=\"text-box-1495609649\" class=\"text-box banner-layer header-cover-inner x0 md-x50 lg-x5 y50 md-y50 lg-y50 res-text\">\n              <div data-parallax=\"2\" data-parallax-fade=\"true\">       <div data-animate=\"fadeInUp\">           <div class=\"text-box-content text dark\">\n              \n              <div class=\"text-inner text-left\">\n                   \t<div id=\"text-3167446404\" class=\"text\">\n\t\t\r\n<h5 class=\"p1\"><b>Blutungsst\u00f6rungen bei Heranwachsenden<\/b><\/h5>\r\n\t\t\n<style>\n#text-3167446404 {\n  font-size: 1rem;\n  text-align: left;\n  color: rgb(0, 0, 0);\n}\n#text-3167446404 > * {\n  color: rgb(0, 0, 0);\n}\n@media (min-width:550px) {\n  #text-3167446404 {\n    font-size: 1.15rem;\n  }\n}\n<\/style>\n\t<\/div>\n\t \t<div id=\"text-229981409\" class=\"text\">\n\t\t\r\n<h2 class=\"p1\"><b>Blutungsst\u00f6rungen in der Adoleszenz<\/b><\/h2>\r\n\t\t\n<style>\n#text-229981409 {\n  font-size: 1.35rem;\n  text-align: left;\n  color: rgb(0,0,0);\n}\n#text-229981409 > * {\n  color: rgb(0,0,0);\n}\n@media (min-width:550px) {\n  #text-229981409 {\n    font-size: 1.15rem;\n  }\n}\n<\/style>\n\t<\/div>\n\t \t<div id=\"text-2624104052\" class=\"text\">\n\t\t\r\n<p class=\"p1\">Die Adoleszenz ist eine Zeit der schnellen physiologischen und hormonellen Ver\u00e4nderungen bei jungen Menschen. Abnormale Geb\u00e4rmutterblutungen in dieser Zeit k\u00f6nnen, obwohl sie oft \u00fcbersehen werden, langfristige Auswirkungen auf die zuk\u00fcnftige sexuelle und k\u00f6rperliche Gesundheit haben. <\/p>\r\n\t\t\n<style>\n#text-2624104052 {\n  font-size: 1.25rem;\n  color: rgb(0,0,0);\n}\n#text-2624104052 > * {\n  color: rgb(0,0,0);\n}\n@media (min-width:550px) {\n  #text-2624104052 {\n    font-size: 1rem;\n  }\n}\n<\/style>\n\t<\/div>\n\t \t<div id=\"gap-1924212139\" class=\"gap-element clearfix\" style=\"display:block; height:auto;\">\n\t\t\n<style>\n#gap-1924212139 {\n  padding-top: 20px;\n}\n@media (min-width:550px) {\n  #gap-1924212139 {\n    padding-top: 30px;\n  }\n}\n<\/style>\n\t<\/div>\n\t <a href=\"#daha-fazla-bilgi-al\" class=\"button white lowercase button-pink\"  >\n\t\t<span>Mehr Informationen erhalten<\/span>\n\t<i class=\"icon-angle-down\" aria-hidden=\"true\" ><\/i><\/a>\n <a href=\"https:\/\/drmeralsozer.com\/de\/kontakt\/\" class=\"button white lowercase button-dodgerblue\" rel=\"follow\"  >\n\t\t<span>Einen Termin buchen<\/span>\n\t<\/a>\n               <\/div>\n           <\/div>\n       <\/div>       <\/div>              \n<style>\n#text-box-1495609649 .text-box-content {\n  background-color: rgba(0, 0, 0, 0);\n  font-size: 100%;\n}\n#text-box-1495609649 {\n  width: 100%;\n}\n@media (min-width:550px) {\n  #text-box-1495609649 {\n    width: 86%;\n  }\n}\n@media (min-width:850px) {\n  #text-box-1495609649 {\n    width: 67%;\n  }\n}\n<\/style>\n    <\/div>\n          <\/div>\n      <\/div>\n\n            \n<style>\n#banner-1852904597 {\n  padding-top: 545px;\n  background-color: rgb(232, 232, 232);\n}\n#banner-1852904597 .overlay {\n  background-color: rgba(255, 255, 255, 0);\n}\n@media (min-width:550px) {\n  #banner-1852904597 {\n    padding-top: 507px;\n  }\n}\n<\/style>\n  <\/div>\n\n <span class=\"scroll-to\" data-label=\"Scroll to: #daha-fazla-bilgi-al\" data-bullet=\"false\" data-link=\"#daha-fazla-bilgi-al\" data-title=\"Daha Fazla Bilgi Al\" ><a name=\"daha-fazla-bilgi-al\"><\/a><\/span> \n\t<section class=\"section\" id=\"section_405403984\">\n\t\t<div class=\"section-bg fill\" >\n\t\t\t\t\t\t\t\t\t\n\t\t\t\n\n\t\t<\/div>\n\n\t\t\n\n\t\t<div class=\"section-content relative\">\n\t\t\t <div class=\"row align-middle align-center\"  id=\"row-795304649\"> \n\t<div id=\"col-1076573053\" class=\"col medium-11 small-11 large-11\"  >\n\t\t\t\t<div class=\"col-inner\"  >\n\t\t\t\n\t\t\t \t<div id=\"gap-283442349\" class=\"gap-element clearfix\" style=\"display:block; height:auto;\">\n\t\t\n<style>\n#gap-283442349 {\n  padding-top: 50px;\n}\n@media (min-width:550px) {\n  #gap-283442349 {\n    padding-top: 70px;\n  }\n}\n<\/style>\n\t<\/div>\n\t \t<div id=\"text-226764866\" class=\"text\">\n\t\t\r\n<h3><strong>Was ist eine Blutungsst\u00f6rung bei Heranwachsenden?<\/strong><\/h3>\r\n<p class=\"p1\">Bei Menschen unter 18 Jahren werden abnorme Blutungen oft als &#8222;jugendliche Blutungsst\u00f6rung&#8220; (ABD) oder &#8222;dysfunktionale uterine Blutung&#8220; (DUK) bezeichnet. Diese Erkrankungen sollten sorgf\u00e4ltig untersucht werden, da sie im sp\u00e4teren Leben zu ernsteren Gesundheitsproblemen f\u00fchren k\u00f6nnen. <\/p>\r\n<p>&nbsp;<\/p>\r\n<h3 class=\"p1\"><strong>Blutungsst\u00f6rungen in der Adoleszenz<\/strong><\/h3>\r\n<p class=\"p1\">Erkrankungen wie <b>Abnorme Uterusblutung (AUC) und Dysfunktionale Uterusblutung (DUK)<\/b> k\u00f6nnen mit Stoffwechsel- und endokrinen St\u00f6rungen wie Wachstums- und Entwicklungsverz\u00f6gerungen, \u00fcberm\u00e4\u00dfigem Haarwuchs, \u00fcberm\u00e4\u00dfiger Gewichtszunahme und Diabetes einhergehen. Die korrekte Erkennung und Behandlung dieser St\u00f6rungen spielt eine entscheidende Rolle bei der Vermeidung negativer gesundheitlicher Folgen in den folgenden Jahren. Insbesondere die pers\u00f6nlichen physiologischen Strukturen junger Menschen sollten eingehend untersucht werden, und als Ergebnis dieser Bewertung sollten Hormonspiegel und Routineuntersuchungen durchgef\u00fchrt werden.  <\/p>\r\n<p class=\"p1\">Erkl\u00e4rungen zu Blutungsst\u00f6rungen sind f\u00fcr Heranwachsende von gro\u00dfer Bedeutung. Diese Altersgruppe muss genau und klar \u00fcber die Art der k\u00f6rperlichen Ver\u00e4nderungen und gesundheitlichen Probleme informiert werden, die sie erleben. So k\u00f6nnen sowohl die Patienten als auch ihre Familien den Prozess besser verstehen.  <\/p>\r\n<p>&nbsp;<\/p>\r\n<h3><strong>Prozess der Diagnose und Behandlung<\/strong><\/h3>\r\n<p class=\"p1\">Hormonelle Medikamente tierischen Ursprungs, die \u00fcblicherweise zur Regulierung von Blutungen eingesetzt werden, lindern die Symptome nur vor\u00fcbergehend und bieten keine langfristige L\u00f6sung. Diese Art der Behandlung stoppt zwar die k\u00f6rperlichen Auswirkungen der Blutung, wirkt aber nicht gegen die zugrunde liegenden hormonellen St\u00f6rungen. <\/p>\r\n<p class=\"p1\">Stattdessen kann der Einsatz von biologischen Arzneimitteln bei korrekter Diagnose nicht nur die Symptome lindern, sondern auch dazu beitragen, ernstere Gesundheitsprobleme in der Zukunft zu verhindern. Da die biologische Behandlung eine gezielte und dauerhafte L\u00f6sung bietet, hat sie langfristige positive Auswirkungen auf die Gesundheit von Jugendlichen. <\/p>\r\n\t\t\n<style>\n#text-226764866 {\n  color: rgb(0,0,0);\n}\n#text-226764866 > * {\n  color: rgb(0,0,0);\n}\n<\/style>\n\t<\/div>\n\t \t\t<\/div>\n\t\t\t\t\n<style>\n#col-1076573053 > .col-inner {\n  padding: 0px 0px 5px 0px;\n  margin: 0px 0px -20px 0px;\n}\n@media (min-width:550px) {\n  #col-1076573053 > .col-inner {\n    padding: 0px 0px 0px 0px;\n  }\n}\n@media (min-width:850px) {\n  #col-1076573053 > .col-inner {\n    padding: 0px 0px 20px 0px;\n  }\n}\n<\/style>\n\t<\/div>\n\n\t <\/div> \t\t<\/div>\n\n\t\t\n<style>\n#section_405403984 {\n  padding-top: 0px;\n  padding-bottom: 0px;\n}\n<\/style>\n\t<\/section>\n\t \n\t<section class=\"section\" id=\"section_1365612681\">\n\t\t<div class=\"section-bg fill\" >\n\t\t\t\t\t\t\t\t\t\n\t\t\t\n\n\t\t<\/div>\n\n\t\t\n\n\t\t<div class=\"section-content relative\">\n\t\t\t <div class=\"row align-middle align-center\"  id=\"row-761898138\"> \n\t<div id=\"col-2001262742\" class=\"col small-12 large-12\"  >\n\t\t\t\t<div class=\"col-inner\"  >\n\t\t\t\n\t\t\t <div class=\"row align-middle align-center\"  id=\"row-1614965453\"> \n\t<div id=\"col-1410764407\" class=\"col medium-12 small-12 large-6\"  data-animate=\"fadeInLeft\">\n\t\t\t\t<div class=\"col-inner\" style=\"background-color:rgba(0, 0, 0, 0.035);\" >\n\t\t\t\n\t\t\t \t<div id=\"text-1407041897\" class=\"text\">\n\t\t\r\n<h2><strong>Kontakt und Terminvereinbarungen<\/strong><\/h2>\r\n\t\t\n<style>\n#text-1407041897 {\n  font-size: 1.55rem;\n  color: rgb(0, 0, 0);\n}\n#text-1407041897 > * {\n  color: rgb(0, 0, 0);\n}\n@media (min-width:550px) {\n  #text-1407041897 {\n    font-size: 1.5rem;\n  }\n}\n@media (min-width:850px) {\n  #text-1407041897 {\n    font-size: 1.65rem;\n  }\n}\n<\/style>\n\t<\/div>\n\t \t<div id=\"text-3842578523\" class=\"text\">\n\t\t\r\n<p>Sie k\u00f6nnen uns ein Kontaktformular f\u00fcr Ihre Fragen schicken, oder Sie k\u00f6nnen einen Termin f\u00fcr Ihre Untersuchung vereinbaren.<\/p>\r\n\t\t\n<style>\n#text-3842578523 {\n  color: rgb(0, 0, 0);\n}\n#text-3842578523 > * {\n  color: rgb(0, 0, 0);\n}\n<\/style>\n\t<\/div>\n\t \t<div id=\"gap-37314747\" class=\"gap-element clearfix\" style=\"display:block; height:auto;\">\n\t\t\n<style>\n#gap-37314747 {\n  padding-top: 30px;\n}\n<\/style>\n\t<\/div>\n\t <a href=\"https:\/\/drmeralsozer.com\/de\/kontakt\/\" class=\"button white button-pink\" rel=\"follow\"  >\n\t\t<span>Einen Termin buchen<\/span>\n\t<\/a>\n \t\t<\/div>\n\t\t\t\t\n<style>\n#col-1410764407 > .col-inner {\n  padding: 40px 20px 40px 30px;\n  margin: 0px 0px 0px 0px;\n  border-radius: 33px;\n}\n@media (min-width:550px) {\n  #col-1410764407 > .col-inner {\n    padding: 75px 30px 90px 30px;\n    margin: 0px 0px 0px 0px;\n  }\n}\n@media (min-width:850px) {\n  #col-1410764407 > .col-inner {\n    padding: 90px 30px 90px 50px;\n    margin: 0px 0px 0px 0px;\n  }\n}\n<\/style>\n\t<\/div>\n\n\t \n\t<div id=\"col-1105679864\" class=\"col medium-12 small-12 large-6\"  data-animate=\"fadeInRight\">\n\t\t\t\t<div class=\"col-inner\" style=\"background-color:rgba(0, 0, 0, 0.035);\" >\n\t\t\t\n\t\t\t \t<div id=\"text-2443665793\" class=\"text\">\n\t\t\r\n<h2><strong>Bereiche der Expertise<\/strong><\/h2>\r\n\t\t\n<style>\n#text-2443665793 {\n  font-size: 1.55rem;\n  color: rgb(0, 0, 0);\n}\n#text-2443665793 > * {\n  color: rgb(0, 0, 0);\n}\n@media (min-width:550px) {\n  #text-2443665793 {\n    font-size: 1.5rem;\n  }\n}\n@media (min-width:850px) {\n  #text-2443665793 {\n    font-size: 1.65rem;\n  }\n}\n<\/style>\n\t<\/div>\n\t \t<div id=\"text-3496989138\" class=\"text\">\n\t\t\r\n<p>Mehr \u00fcber die Themen, die Sie untersuchen lassen m\u00f6chten, erfahren Sie in unseren anderen Fachgebieten.<\/p>\r\n\t\t\n<style>\n#text-3496989138 {\n  color: rgb(0, 0, 0);\n}\n#text-3496989138 > * {\n  color: rgb(0, 0, 0);\n}\n<\/style>\n\t<\/div>\n\t \t<div id=\"gap-537292277\" class=\"gap-element clearfix\" style=\"display:block; height:auto;\">\n\t\t\n<style>\n#gap-537292277 {\n  padding-top: 30px;\n}\n<\/style>\n\t<\/div>\n\t <a href=\"https:\/\/drmeralsozer.com\/de\/bereiche-der-expertise\/\" class=\"button white button-dodgerblue\" rel=\"follow\"  >\n\t\t<span>\u00dcberpr\u00fcfung<\/span>\n\t<i class=\"icon-angle-right\" aria-hidden=\"true\" ><\/i><\/a>\n \t\t<\/div>\n\t\t\t\t\n<style>\n#col-1105679864 > .col-inner {\n  padding: 40px 20px 40px 30px;\n  margin: 0px 0px -20px 0px;\n  border-radius: 33px;\n}\n@media (min-width:550px) {\n  #col-1105679864 > .col-inner {\n    padding: 75px 30px 90px 30px;\n    margin: 0px 0px 0px 0px;\n  }\n}\n@media (min-width:850px) {\n  #col-1105679864 > .col-inner {\n    padding: 90px 30px 90px 50px;\n    margin: 0px 0px 0px 0px;\n  }\n}\n<\/style>\n\t<\/div>\n\n\t <\/div> \t\t<\/div>\n\t\t\t\t\t<\/div>\n\n\t \n<style>\n#row-761898138 > .col > .col-inner {\n  padding: 0px 10px 0px 10px;\n}\n@media (min-width:550px) {\n  #row-761898138 > .col > .col-inner {\n    padding: 0px 55px 0px 55px;\n  }\n}\n@media (min-width:850px) {\n  #row-761898138 > .col > .col-inner {\n    padding: 0px 50px 0px 50px;\n  }\n}\n<\/style>\n<\/div> \t\t<\/div>\n\n\t\t\n<style>\n#section_1365612681 {\n  padding-top: 0px;\n  padding-bottom: 0px;\n  background-color: rgb(255, 255, 255);\n}\n<\/style>\n\t<\/section>\n\t\r\n","protected":false},"excerpt":{"rendered":"","protected":false},"author":233021080,"featured_media":11423,"parent":0,"menu_order":0,"comment_status":"closed","ping_status":"closed","template":"page-blank.php","meta":{"footnotes":""},"class_list":["post-11525","page","type-page","status-publish","has-post-thumbnail","hentry"],"jetpack_likes_enabled":true,"jetpack_sharing_enabled":true,"jetpack_shortlink":"https:\/\/wp.me\/Pg7ghp-2ZT","jetpack-related-posts":[],"_links":{"self":[{"href":"https:\/\/drmeralsozer.com\/de\/wp-json\/wp\/v2\/pages\/11525","targetHints":{"allow":["GET"]}}],"collection":[{"href":"https:\/\/drmeralsozer.com\/de\/wp-json\/wp\/v2\/pages"}],"about":[{"href":"https:\/\/drmeralsozer.com\/de\/wp-json\/wp\/v2\/types\/page"}],"author":[{"embeddable":true,"href":"https:\/\/drmeralsozer.com\/de\/wp-json\/wp\/v2\/users\/233021080"}],"replies":[{"embeddable":true,"href":"https:\/\/drmeralsozer.com\/de\/wp-json\/wp\/v2\/comments?post=11525"}],"version-history":[{"count":2,"href":"https:\/\/drmeralsozer.com\/de\/wp-json\/wp\/v2\/pages\/11525\/revisions"}],"predecessor-version":[{"id":11614,"href":"https:\/\/drmeralsozer.com\/de\/wp-json\/wp\/v2\/pages\/11525\/revisions\/11614"}],"wp:featuredmedia":[{"embeddable":true,"href":"https:\/\/drmeralsozer.com\/de\/wp-json\/wp\/v2\/media\/11423"}],"wp:attachment":[{"href":"https:\/\/drmeralsozer.com\/de\/wp-json\/wp\/v2\/media?parent=11525"}],"curies":[{"name":"wp","href":"https:\/\/api.w.org\/{rel}","templated":true}]}}