{"id":11568,"date":"2024-12-14T07:02:20","date_gmt":"2024-12-14T04:02:20","guid":{"rendered":"https:\/\/drmeralsozer.com\/organisationspolitik\/"},"modified":"2025-04-26T20:10:48","modified_gmt":"2025-04-26T17:10:48","slug":"organisationspolitik","status":"publish","type":"page","link":"https:\/\/drmeralsozer.com\/de\/organisationspolitik\/","title":{"rendered":"Organisationspolitik"},"content":{"rendered":"\n\n  <div class=\"banner has-hover\" id=\"banner-1327163380\">\n          <div class=\"banner-inner fill\">\n        <div class=\"banner-bg fill\" >\n                                                \n                    <\/div>\n\t\t\n        <div class=\"banner-layers container\">\n            <div class=\"fill banner-link\"><\/div>            \n\n   <div id=\"text-box-848442177\" class=\"text-box banner-layer header-cover-inner x0 md-x50 lg-x5 y50 md-y50 lg-y50 res-text\">\n              <div data-parallax=\"2\" data-parallax-fade=\"true\">       <div data-animate=\"fadeInUp\">           <div class=\"text-box-content text dark\">\n              \n              <div class=\"text-inner text-left\">\n                  \n\n\t<div id=\"text-2566138604\" class=\"text\">\n\t\t\n\n<h1><span style=\"font-size: 95%;\"><strong>Organisation, KVKK und Datenschutz<\/strong><\/span><\/h1>\n\t\t\n<style>\n#text-2566138604 {\n  font-size: 0.75rem;\n  text-align: left;\n}\n@media (min-width:550px) {\n  #text-2566138604 {\n    font-size: 0.95rem;\n  }\n}\n<\/style>\n\t<\/div>\n\t\n\t<div id=\"gap-422730823\" class=\"gap-element clearfix\" style=\"display:block; height:auto;\">\n\t\t\n<style>\n#gap-422730823 {\n  padding-top: 30px;\n}\n<\/style>\n\t<\/div>\n\t\n\n<a href=\"#daha-fazla-bilgi-al\" class=\"button white lowercase button-white\" rel=\"follow\"  >\n\t\t<span>Mehr Informationen erhalten<\/span>\n\t<i class=\"icon-angle-down\" aria-hidden=\"true\" ><\/i><\/a>\n\n\n<a href=\"https:\/\/drmeralsozer.com\/de\/bedingungen-und-konditionen\/\" class=\"button white lowercase button-white\" rel=\"follow\"  >\n\t\t<span>Website-Politik<\/span>\n\t<i class=\"icon-angle-right\" aria-hidden=\"true\" ><\/i><\/a>\n\n\n\n              <\/div>\n           <\/div>\n       <\/div>       <\/div>              \n<style>\n#text-box-848442177 .text-box-content {\n  background-color: rgba(0, 0, 0, 0);\n  font-size: 100%;\n}\n#text-box-848442177 {\n  width: 100%;\n}\n@media (min-width:550px) {\n  #text-box-848442177 {\n    width: 78%;\n  }\n}\n<\/style>\n    <\/div>\n \n\n        <\/div>\n      <\/div>\n\n            \n<style>\n#banner-1327163380 {\n  padding-top: 350px;\n  background-color: rgba(56, 56, 56, 0.988);\n}\n@media (min-width:550px) {\n  #banner-1327163380 {\n    padding-top: 400px;\n  }\n}\n<\/style>\n  <\/div>\n\n\n<span class=\"scroll-to\" data-label=\"Scroll to: #daha-fazla-bilgi-al\" data-bullet=\"false\" data-link=\"#daha-fazla-bilgi-al\" data-title=\"Daha Fazla Bilgi Al\" ><a name=\"daha-fazla-bilgi-al\"><\/a><\/span>\n\n\n\t<section class=\"section\" id=\"section_1966907529\">\n\t\t<div class=\"section-bg fill\" >\n\t\t\t\t\t\t\t\t\t\n\t\t\t\n\n\t\t<\/div>\n\n\t\t\n\n\t\t<div class=\"section-content relative\">\n\t\t\t\n\n\t<div id=\"gap-1917901161\" class=\"gap-element clearfix\" style=\"display:block; height:auto;\">\n\t\t\n<style>\n#gap-1917901161 {\n  padding-top: 25px;\n}\n@media (min-width:550px) {\n  #gap-1917901161 {\n    padding-top: 30px;\n  }\n}\n@media (min-width:850px) {\n  #gap-1917901161 {\n    padding-top: 60px;\n  }\n}\n<\/style>\n\t<\/div>\n\t\n\n<div class=\"row align-middle align-center\"  id=\"row-2047362483\">\n\n\n\t<div id=\"col-953403404\" class=\"col medium-11 small-11 large-11\"  >\n\t\t\t\t<div class=\"col-inner\"  >\n\t\t\t\n\t\t\t\n\n\t<div id=\"text-3809315540\" class=\"text\">\n\t\t\n\n<h3 id=\"cube-yazilim-teknoloji-telif-haklari\" class=\"has-ubuntu-font-family has-custom-font has-custom-weight mb-0 pb-0 mt-0 pt-0 wp-block-heading\"><strong>Rechtliche Informationen und Gesetzgebung<\/strong><\/h3>\n<p class=\"has-custom-font mb-0 pb-0 mt-0 pt-0\"><strong>Op. Dr. Meral S\u00f6zer \u00a9   <\/strong>oder  <strong>Op. Dr. Meral Candan S\u00f6zer \u00a9 <\/strong>  Die Marke, ihre Organisation und sie selbst stehen unter Registrierungsschutz. Das Gesch\u00e4ftsmodell, alle Designs, Webseitentexte und alle digitalen und gedruckten Inhalte stehen unter dem Schutz des geistigen Eigentums und d\u00fcrfen nicht ohne Erlaubnis verwendet oder nachgeahmt werden und k\u00f6nnen nicht Gegenstand oder Gegenstand irgendeiner kommerziellen Aktivit\u00e4t sein, au\u00dfer den Aktivit\u00e4ten unserer Organisation in \u00dcbereinstimmung mit dem Gesetz \u00fcber gewerbliches Eigentum Nr. 6769, dem Gesetz Nr. 556 \u00fcber den Schutz von Marken und dem t\u00fcrkischen Handelsgesetzbuch Nr. 6102. Diese Website ist eine digitale Visitenkarte von Dr. Meral S\u00f6zer und kann nicht Gegenstand von Marketing- und Werbeaktivit\u00e4ten au\u00dferhalb der vom Gesundheitsministerium festgelegten Gesetzgebung sein. Op. Dr. Meral S\u00f6zer ist verpflichtet, die vom <strong>Gesundheitsministerium der Republik T\u00fcrkei <\/strong>und der<strong> Gesundheitsdirektion der Provinz Mu\u011fla der Republik T\u00fcrkei <\/strong>geregelten Richtlinien und Verfahren zu befolgen und unter allen Umst\u00e4nden im Einklang mit der Gesetzgebung zu handeln. Mit dieser Mitteilung informiert unsere Organisation alle Besucher der Website \u00fcber die <strong>verbindlichen Verpflichtungen<\/strong> der gesetzlichen Gesetzgebung und der <strong>Verfassung der Republik T\u00fcrkei<\/strong>.    <\/p>\n<p> <\/p>\n<h3 id=\"cube-yazilim-teknoloji-telif-haklari\" class=\"has-ubuntu-font-family has-custom-font has-custom-weight mb-0 pb-0 mt-0 pt-0 wp-block-heading\">\u00dcber die Datenpolitik, die<strong> Vereinbarung \u00fcber die \u00dcbermittlung von Nachrichten <\/strong>und das Gesetz zum Schutz personenbezogener Daten (KVKK)<\/h3>\n<p class=\"has-custom-font\">Wenn Sie ein Kontakt- oder Bewerbungsformular auf dieser Website ausf\u00fcllen und an uns senden oder das Tool zum Abonnieren der Mailingliste verwenden, erkl\u00e4ren Sie sich damit einverstanden, dass Op. Dr. Meral S\u00f6zer Sie kontaktiert und Ihnen Nachrichten sendet, und Sie teilen Ihre pers\u00f6nlichen Daten mit Op. Dr. Meral S\u00f6zer. In \u00dcbereinstimmung mit dem Gesetz Nr. 6698 \u00fcber den Schutz personenbezogener Daten behalten Sie sich das Recht vor, sich von der Liste der Marketingnachrichten abzumelden, indem Sie jederzeit auf die Schaltfl\u00e4che &#8222;Abmelden&#8220; in den von uns gesendeten E-Mails klicken. Im Rahmen des Gesetzes und in \u00dcbereinstimmung mit den Datenschutzprinzipien unserer Organisation werden Ihre Daten sicher gespeichert und nicht an Dritte weitergegeben. Die Benutzerdaten werden im Namen von Op. Dr. Meral S\u00f6zer in der Datenbank von Cautron Software Technology mit mehrschichtigen Hochsicherheitsprotokollen gespeichert. Wenn Sie ein Kontaktformular abschicken, k\u00f6nnen Ihre IP-Adressdaten aus Sicherheitsgr\u00fcnden zu den Metadaten hinzugef\u00fcgt werden.       <\/p>\n<p class=\"has-custom-font\">Wenn Sie einen Kommentar hinterlassen, werden der Kommentar und seine Metadaten auf unbestimmte Zeit gespeichert. Dies erm\u00f6glicht es uns, Ihre Folgekommentare automatisch zu erkennen und zu genehmigen, anstatt sie in der Moderationswarteschlange zu behalten. F\u00fcr Benutzer, die sich auf unserer Website registrieren, speichern wir auch die pers\u00f6nlichen Daten, die sie in ihrem Benutzerprofil angeben. Website-Administratoren k\u00f6nnen diese Informationen ebenfalls einsehen und bearbeiten. Wenn Besucher Kommentare auf der Website hinterlassen, erfassen wir die im Kommentarformular angezeigten Daten sowie die IP-Adresse des Besuchers und den Browser-Informationstext, um unerw\u00fcnschte Kommentare zu erkennen. Mit dem Zugriff auf diese Website oder der Nutzung von Informationen auf dieser Website erkl\u00e4ren Sie sich mit allen diesen Bedingungen einverstanden.     <\/p>\n<p> <\/p>\n<h3 id=\"cube-yazilim-teknoloji-telif-haklari\" class=\"has-ubuntu-font-family has-custom-font has-custom-weight mb-0 pb-0 mt-0 pt-0 wp-block-heading\">Cookies und Tracking-Informationen<\/h3>\n<p class=\"has-custom-font\">Diese Website kann Daten \u00fcber Sie sammeln, Cookies verwenden, Ihre Aktionen und Ihr Verhalten auf der Website verfolgen und anonyme Daten mit Google und Meta teilen. Wenn Sie \u00fcber ein Konto verf\u00fcgen und auf dieser Website angemeldet sind, kann sie Ihre Interaktion mit den Seiten der Website verfolgen, einschlie\u00dflich der Verfolgung Ihrer Interaktion mit Inhalten. Ihre Daten werden jedoch unter keinen Umst\u00e4nden an unbefugte, nicht verbundene Dritte und Institutionen weitergegeben. Ihre Daten auf der Website werden mit mehrschichtigen Hochsicherheitsma\u00dfnahmen gespeichert und der Datenschutz hat Priorit\u00e4t.   <\/p>\n\t\t\n<style>\n#text-3809315540 {\n  color: rgb(0,0,0);\n}\n#text-3809315540 > * {\n  color: rgb(0,0,0);\n}\n<\/style>\n\t<\/div>\n\t\n\n\t\t<\/div>\n\t\t\t\t\n<style>\n#col-953403404 > .col-inner {\n  margin: 0px 0px -40px 0px;\n}\n<\/style>\n\t<\/div>\n\n\t\n\n<\/div>\n\n\t\t<\/div>\n\n\t\t\n<style>\n#section_1966907529 {\n  padding-top: 30px;\n  padding-bottom: 30px;\n}\n<\/style>\n\t<\/section>\n\t\n<div class=\"row align-middle align-center\"  id=\"row-1655226934\">\n\n\n\t<div id=\"col-511735978\" class=\"col medium-11 small-12 large-11\"  data-animate=\"fadeInLeft\">\n\t\t\t\t<div class=\"col-inner\" style=\"background-color:#3c8efb;\" >\n\t\t\t\n\t\t\t\n\n\t<div id=\"text-1518472761\" class=\"text\">\n\t\t\n\n<h4><strong>Zur\u00fcck zu Home Page<\/strong><\/h4>\n\t\t\n<style>\n#text-1518472761 {\n  font-size: 1.6rem;\n  text-align: left;\n  color: rgb(255, 255, 255);\n}\n#text-1518472761 > * {\n  color: rgb(255, 255, 255);\n}\n@media (min-width:550px) {\n  #text-1518472761 {\n    font-size: 1.6rem;\n  }\n}\n@media (min-width:850px) {\n  #text-1518472761 {\n    font-size: 1.65rem;\n  }\n}\n<\/style>\n\t<\/div>\n\t\n\t<div id=\"text-907957840\" class=\"text\">\n\t\t\n\n<p>Nachdem Sie sich ausf\u00fchrlich \u00fcber unsere institutionellen Richtlinien informiert haben, k\u00f6nnen Sie zu unserer Homepage zur\u00fcckkehren oder weiter auf der Website surfen. Wenn Sie weitere Fragen haben, k\u00f6nnen Sie uns ein Kontaktformular senden. <\/p>\n\t\t\n<style>\n#text-907957840 {\n  color: rgb(255, 255, 255);\n}\n#text-907957840 > * {\n  color: rgb(255, 255, 255);\n}\n<\/style>\n\t<\/div>\n\t\n\t<div id=\"gap-900019173\" class=\"gap-element clearfix\" style=\"display:block; height:auto;\">\n\t\t\n<style>\n#gap-900019173 {\n  padding-top: 30px;\n}\n<\/style>\n\t<\/div>\n\t\n\n<a href=\"https:\/\/drmeralsozer.com\/de\/\" class=\"button white button-white\" rel=\"follow\"  >\n\t\t<span>Hauptseite<\/span>\n\t<i class=\"icon-angle-right\" aria-hidden=\"true\" ><\/i><\/a>\n\n\n<a href=\"https:\/\/drmeralsozer.com\/de\/kontakt\/\" class=\"button white button-white\" rel=\"follow\"  >\n\t\t<span>Kontakt<\/span>\n\t<i class=\"icon-angle-right\" aria-hidden=\"true\" ><\/i><\/a>\n\n\n\n\t\t<\/div>\n\t\t\t\t\n<style>\n#col-511735978 > .col-inner {\n  margin: -20px 0px 30px 0px;\n  border-radius: 32px;\n}\n@media (min-width:550px) {\n  #col-511735978 > .col-inner {\n    margin: 0px 0px 30px 0px;\n  }\n}\n<\/style>\n\t<\/div>\n\n\t\n\n\n<style>\n#row-1655226934 > .col > .col-inner {\n  padding: 50px 24px 40px 24px;\n}\n@media (min-width:550px) {\n  #row-1655226934 > .col > .col-inner {\n    padding: 50px 55px 40px 55px;\n  }\n}\n@media (min-width:850px) {\n  #row-1655226934 > .col > .col-inner {\n    padding: 50px 50px 40px 50px;\n  }\n}\n<\/style>\n<\/div>\n\n","protected":false},"excerpt":{"rendered":"","protected":false},"author":233021080,"featured_media":0,"parent":0,"menu_order":0,"comment_status":"closed","ping_status":"closed","template":"page-blank.php","meta":{"footnotes":""},"class_list":["post-11568","page","type-page","status-publish","hentry"],"jetpack_likes_enabled":true,"jetpack_sharing_enabled":true,"jetpack_shortlink":"https:\/\/wp.me\/Pg7ghp-30A","jetpack-related-posts":[],"_links":{"self":[{"href":"https:\/\/drmeralsozer.com\/de\/wp-json\/wp\/v2\/pages\/11568","targetHints":{"allow":["GET"]}}],"collection":[{"href":"https:\/\/drmeralsozer.com\/de\/wp-json\/wp\/v2\/pages"}],"about":[{"href":"https:\/\/drmeralsozer.com\/de\/wp-json\/wp\/v2\/types\/page"}],"author":[{"embeddable":true,"href":"https:\/\/drmeralsozer.com\/de\/wp-json\/wp\/v2\/users\/233021080"}],"replies":[{"embeddable":true,"href":"https:\/\/drmeralsozer.com\/de\/wp-json\/wp\/v2\/comments?post=11568"}],"version-history":[{"count":3,"href":"https:\/\/drmeralsozer.com\/de\/wp-json\/wp\/v2\/pages\/11568\/revisions"}],"predecessor-version":[{"id":11687,"href":"https:\/\/drmeralsozer.com\/de\/wp-json\/wp\/v2\/pages\/11568\/revisions\/11687"}],"wp:attachment":[{"href":"https:\/\/drmeralsozer.com\/de\/wp-json\/wp\/v2\/media?parent=11568"}],"curies":[{"name":"wp","href":"https:\/\/api.w.org\/{rel}","templated":true}]}}