{"id":11571,"date":"2024-12-14T07:03:05","date_gmt":"2024-12-14T04:03:05","guid":{"rendered":"https:\/\/drmeralsozer.com\/bedingungen-und-konditionen\/"},"modified":"2025-04-26T20:12:58","modified_gmt":"2025-04-26T17:12:58","slug":"bedingungen-und-konditionen","status":"publish","type":"page","link":"https:\/\/drmeralsozer.com\/de\/bedingungen-und-konditionen\/","title":{"rendered":"Bedingungen und Konditionen"},"content":{"rendered":"\n\n  <div class=\"banner has-hover\" id=\"banner-623862726\">\n          <div class=\"banner-inner fill\">\n        <div class=\"banner-bg fill\" >\n                                                \n                    <\/div>\n\t\t\n        <div class=\"banner-layers container\">\n            <div class=\"fill banner-link\"><\/div>            \n\n   <div id=\"text-box-541862389\" class=\"text-box banner-layer header-cover-inner x0 md-x50 lg-x5 y50 md-y50 lg-y50 res-text\">\n              <div data-parallax=\"2\" data-parallax-fade=\"true\">       <div data-animate=\"fadeInUp\">           <div class=\"text-box-content text dark\">\n              \n              <div class=\"text-inner text-left\">\n                  \n\n\t<div id=\"text-2015633258\" class=\"text\">\n\t\t\n\n<h1><span style=\"font-size: 95%;\"><strong>Allgemeine Gesch\u00e4ftsbedingungen f\u00fcr die Website<\/strong><\/span><\/h1>\n\t\t\n<style>\n#text-2015633258 {\n  font-size: 0.75rem;\n  text-align: left;\n}\n@media (min-width:550px) {\n  #text-2015633258 {\n    font-size: 0.95rem;\n  }\n}\n<\/style>\n\t<\/div>\n\t\n\t<div id=\"gap-896449956\" class=\"gap-element clearfix\" style=\"display:block; height:auto;\">\n\t\t\n<style>\n#gap-896449956 {\n  padding-top: 30px;\n}\n<\/style>\n\t<\/div>\n\t\n\n<a href=\"#daha-fazla-bilgi-al\" class=\"button white lowercase button-white\" rel=\"follow\"  >\n\t\t<span>Mehr Informationen erhalten<\/span>\n\t<i class=\"icon-angle-down\" aria-hidden=\"true\" ><\/i><\/a>\n\n\n<a href=\"https:\/\/drmeralsozer.com\/de\/organisationspolitik\/\" class=\"button white lowercase button-white\" rel=\"follow\"  >\n\t\t<span>Organisationspolitik<\/span>\n\t<i class=\"icon-angle-right\" aria-hidden=\"true\" ><\/i><\/a>\n\n\n\n              <\/div>\n           <\/div>\n       <\/div>       <\/div>              \n<style>\n#text-box-541862389 .text-box-content {\n  background-color: rgba(0, 0, 0, 0);\n  font-size: 100%;\n}\n#text-box-541862389 {\n  width: 100%;\n}\n@media (min-width:550px) {\n  #text-box-541862389 {\n    width: 78%;\n  }\n}\n<\/style>\n    <\/div>\n \n\n        <\/div>\n      <\/div>\n\n            \n<style>\n#banner-623862726 {\n  padding-top: 350px;\n  background-color: rgba(56, 56, 56, 0.988);\n}\n@media (min-width:550px) {\n  #banner-623862726 {\n    padding-top: 400px;\n  }\n}\n<\/style>\n  <\/div>\n\n\n<span class=\"scroll-to\" data-label=\"Scroll to: #daha-fazla-bilgi-al\" data-bullet=\"false\" data-link=\"#daha-fazla-bilgi-al\" data-title=\"Daha Fazla Bilgi Al\" ><a name=\"daha-fazla-bilgi-al\"><\/a><\/span>\n\n\n\t<section class=\"section\" id=\"section_1883104718\">\n\t\t<div class=\"section-bg fill\" >\n\t\t\t\t\t\t\t\t\t\n\t\t\t\n\n\t\t<\/div>\n\n\t\t\n\n\t\t<div class=\"section-content relative\">\n\t\t\t\n\n\t<div id=\"gap-746227236\" class=\"gap-element clearfix\" style=\"display:block; height:auto;\">\n\t\t\n<style>\n#gap-746227236 {\n  padding-top: 25px;\n}\n@media (min-width:550px) {\n  #gap-746227236 {\n    padding-top: 30px;\n  }\n}\n@media (min-width:850px) {\n  #gap-746227236 {\n    padding-top: 60px;\n  }\n}\n<\/style>\n\t<\/div>\n\t\n\n<div class=\"row align-middle align-center\"  id=\"row-1236350418\">\n\n\n\t<div id=\"col-158438886\" class=\"col medium-11 small-11 large-11\"  >\n\t\t\t\t<div class=\"col-inner\"  >\n\t\t\t\n\t\t\t\n\n\t<div id=\"text-2784556467\" class=\"text\">\n\t\t\n\n<h3 id=\"cube-yazilim-teknoloji-telif-haklari\" class=\"has-ubuntu-font-family has-custom-font has-custom-weight mb-0 pb-0 mt-0 pt-0 wp-block-heading\"><strong>Rechtliche Informationen und Gesetzgebung<\/strong><\/h3>\n<p class=\"has-custom-font mb-0 pb-0 mt-0 pt-0\"><strong>Op. Dr. Meral S\u00f6zer \u00a9   <\/strong>oder  <strong>Op. Dr. Meral Candan S\u00f6zer \u00a9 <\/strong>  Die Marke, ihre Organisation und sie selbst stehen unter Registrierungsschutz. Das Gesch\u00e4ftsmodell, alle Designs, Webseitentexte und alle digitalen und gedruckten Inhalte stehen unter dem Schutz des geistigen Eigentums und d\u00fcrfen nicht ohne Erlaubnis verwendet oder nachgeahmt werden und k\u00f6nnen nicht Gegenstand oder Gegenstand irgendeiner kommerziellen Aktivit\u00e4t sein, au\u00dfer den Aktivit\u00e4ten unserer Organisation in \u00dcbereinstimmung mit dem Gesetz \u00fcber gewerbliches Eigentum Nr. 6769, dem Gesetz Nr. 556 \u00fcber den Schutz von Marken und dem t\u00fcrkischen Handelsgesetzbuch Nr. 6102. Diese Website ist eine digitale Visitenkarte von Dr. Meral S\u00f6zer und kann nicht Gegenstand von Marketing- und Werbeaktivit\u00e4ten au\u00dferhalb der vom Gesundheitsministerium festgelegten Gesetzgebung sein. Op. Dr. Meral S\u00f6zer ist verpflichtet, die vom <strong>Gesundheitsministerium der Republik T\u00fcrkei <\/strong>und der<strong> Gesundheitsdirektion der Provinz Mu\u011fla der Republik T\u00fcrkei <\/strong>geregelten Richtlinien und Verfahren zu befolgen und unter allen Umst\u00e4nden im Einklang mit der Gesetzgebung zu handeln. Mit dieser Mitteilung informiert unsere Organisation alle Besucher der Website \u00fcber die <strong>verbindlichen Verpflichtungen<\/strong> der gesetzlichen Gesetzgebung und der <strong>Verfassung der Republik T\u00fcrkei<\/strong>.    <\/p>\n<p> <\/p>\n<h3 id=\"cube-yazilim-teknoloji-telif-haklari\" class=\"has-ubuntu-font-family has-custom-font mb-0 pb-0 mt-0 pt-0 wp-block-heading\"><strong>Website-Nutzungsvertrag<\/strong><\/h3>\n<p class=\"has-custom-font has-custom-weight mb-0 pb-0 mt-0 pt-0\">Mit dem Zugriff auf diese Website oder der Nutzung von Informationen auf dieser Website erkl\u00e4ren Sie sich mit den folgenden Bedingungen einverstanden. Op. Dr. Meral S\u00f6zer oder Cautron Software Technology sind nicht verantwortlich f\u00fcr direkte oder indirekte Sch\u00e4den, die aufgrund von Vertragsbruch, unerlaubter Handlung oder anderen Gr\u00fcnden durch den Zugang zu dieser Website, die Nutzung der Website oder der Informationen und anderen Daten, Programme usw. auf der Website entstehen.  <\/p>\n<p> <\/p>\n<p class=\"has-custom-font has-custom-weight mb-0 pb-0 mt-0 pt-0\">Op. Dr. Meral S\u00f6zer und Cautron Software Technology; infolge von Vertragsbruch, unerlaubter Handlung, Fahrl\u00e4ssigkeit oder anderen Gr\u00fcnden; \u00fcbernimmt keine Haftung f\u00fcr die Unterbrechung der Transaktion, Fehler, Fahrl\u00e4ssigkeit, Unterbrechung. Op. Dr. Meral Candan S\u00f6zer beh\u00e4lt sich das Recht vor, alle Arten von Dienstleistungen, Produkten, Bedingungen f\u00fcr die Nutzung der Website und die auf der Website bereitgestellten Informationen ohne vorherige Ank\u00fcndigung zu \u00e4ndern, die Website zu reorganisieren, die Ver\u00f6ffentlichung einzustellen. Die \u00c4nderungen treten zum Zeitpunkt der Ver\u00f6ffentlichung auf der Website in Kraft. Mit der Nutzung der Website oder dem Zugriff auf die Website gelten diese \u00c4nderungen als akzeptiert. Diese Bedingungen gelten auch f\u00fcr andere verlinkte Webseiten. Op. Dr. Meral S\u00f6zer und Cautron Software Technology \u00fcbernehmen keine Verantwortung f\u00fcr die Unterbrechung der Transaktion, Fehler, Fahrl\u00e4ssigkeit, Unterbrechung, L\u00f6schung, Verlust, Verz\u00f6gerung der Transaktion oder Kommunikation, Computerviren, Kommunikationsfehler, Diebstahl, Zerst\u00f6rung oder unbefugte Eingabe, \u00c4nderung oder Verwendung von Aufzeichnungen. Diese Website kann Links oder Verweise zu anderen Websites enthalten, die nicht unter der Kontrolle von Op. Dr. Meral S\u00f6zer stehen. Op. Dr. Meral S\u00f6zer und Cautron Software Technology sind nicht verantwortlich f\u00fcr den Inhalt dieser Websites oder andere Links, die sie enthalten.            <\/p>\n<p> <\/p>\n<p class=\"has-custom-font has-custom-weight mb-0 pb-0 mt-0 pt-0\">Op. Dr. Meral Candan S\u00f6zer und Cautron Yaz\u0131l\u0131m Teknoloji sind verantwortlich f\u00fcr das allgemeine Erscheinungsbild und das Design dieser Website sowie f\u00fcr alle Informationen, Bilder, Marken, Logos, Symbole, demonstrativen, schriftlichen, elektronischen, grafischen oder maschinenlesbaren technischen Daten, Computersoftware, das angewandte Verkaufssystem, den drmeralsozer.com und alle anderen Domainnamen, die Op. Dr. Meral S\u00f6zer geh\u00f6ren (im Domain Name System (DNS) registrierte Domains), alle Materialien, einschlie\u00dflich der Gesch\u00e4ftsmethode und des Gesch\u00e4ftsmodells, sowie alle damit verbundenen geistigen und gewerblichen Eigentumsrechte sind Eigentum und lizenziert und stehen unter Rechtsschutz. Kein Material auf der Website, einschlie\u00dflich Code und Software, darf ohne vorherige Genehmigung und ohne Angabe der Quelle ver\u00e4ndert, kopiert, vervielf\u00e4ltigt, in eine andere Sprache \u00fcbersetzt, neu ver\u00f6ffentlicht, auf einen anderen Computer hochgeladen, gepostet, \u00fcbertragen, pr\u00e4sentiert oder verteilt werden. Die gesamte Website oder Teile davon d\u00fcrfen nicht ohne Genehmigung auf einer anderen Website verwendet werden. Zuwiderhandlungen ziehen rechtliche und strafrechtliche Konsequenzen nach sich. Alle anderen Rechte von Op. Dr. Meral S\u00f6zer, die hier nicht ausdr\u00fccklich genannt sind, bleiben vorbehalten. F\u00fcr den Fall, dass sowohl Op. Dr. Meral S\u00f6zer oder Cautron Software Technology als auch in dieser Nutzungs- oder Mitgliedschaftsvereinbarung festgelegte Dritte in einer Weise genutzt werden, die Op. Dr. Meral S\u00f6zer oder Cautron Software Technology schaden kann und\/oder der gesch\u00e4ftliche Ruf von Op. Dr. Meral S\u00f6zer oder Cautron Software Technology durch die Handlungen des Nutzers gesch\u00e4digt wird, hat Cautron Software Technology das Recht, die Mitgliedschaft des Nutzers sofort zu k\u00fcndigen, alle Arten von Gerichts- und Verwaltungsbeh\u00f6rden gegen den Nutzer anzurufen und im Rahmen der sie sch\u00fctzenden Gesetze zu handeln. Op. Dr. Meral Candan S\u00f6zer beh\u00e4lt sich das Recht vor, den Inhalt dieser Seite mit den rechtlichen Hinweisen jederzeit zu aktualisieren und empfiehlt seinen Nutzern, die Seite mit den rechtlichen Hinweisen bei jeder Anmeldung auf der Website zu besuchen.    <\/p>\n<p> <\/p>\n<h3 id=\"cube-yazilim-teknoloji-telif-haklari\" class=\"has-ubuntu-font-family has-custom-font has-custom-weight mb-0 pb-0 mt-0 pt-0 wp-block-heading\"><strong>Cookies und Tracking-Informationen<\/strong><\/h3>\n<p class=\"has-custom-font\">Diese Website kann Daten \u00fcber Sie sammeln, Cookies verwenden, Ihre Aktionen und Ihr Verhalten auf der Website verfolgen und anonyme Daten mit Google und Meta teilen. Wenn Sie \u00fcber ein Konto verf\u00fcgen und auf dieser Website angemeldet sind, kann sie Ihre Interaktion mit den Seiten der Website verfolgen, einschlie\u00dflich der Verfolgung Ihrer Interaktion mit Inhalten. Ihre Daten werden jedoch unter keinen Umst\u00e4nden an unbefugte, nicht verbundene Dritte und Institutionen weitergegeben. Ihre Daten auf der Website werden mit mehrschichtigen Hochsicherheitsma\u00dfnahmen gespeichert und der Datenschutz hat Priorit\u00e4t.   <\/p>\n\t\t\n<style>\n#text-2784556467 {\n  color: rgb(0,0,0);\n}\n#text-2784556467 > * {\n  color: rgb(0,0,0);\n}\n<\/style>\n\t<\/div>\n\t\n\n\t\t<\/div>\n\t\t\t\t\n<style>\n#col-158438886 > .col-inner {\n  margin: 0px 0px -30px 0px;\n}\n<\/style>\n\t<\/div>\n\n\t\n\n<\/div>\n\n\t\t<\/div>\n\n\t\t\n<style>\n#section_1883104718 {\n  padding-top: 30px;\n  padding-bottom: 30px;\n}\n<\/style>\n\t<\/section>\n\t\n<div class=\"row align-middle align-center\"  id=\"row-606422252\">\n\n\n\t<div id=\"col-1484714218\" class=\"col medium-11 small-12 large-11\"  data-animate=\"fadeInLeft\">\n\t\t\t\t<div class=\"col-inner\" style=\"background-color:#3c8efb;\" >\n\t\t\t\n\t\t\t\n\n\t<div id=\"text-2117517621\" class=\"text\">\n\t\t\n\n<h4><strong>Zur\u00fcck zu Home Page<\/strong><\/h4>\n\t\t\n<style>\n#text-2117517621 {\n  font-size: 1.6rem;\n  text-align: left;\n  color: rgb(255, 255, 255);\n}\n#text-2117517621 > * {\n  color: rgb(255, 255, 255);\n}\n@media (min-width:550px) {\n  #text-2117517621 {\n    font-size: 1.6rem;\n  }\n}\n@media (min-width:850px) {\n  #text-2117517621 {\n    font-size: 1.65rem;\n  }\n}\n<\/style>\n\t<\/div>\n\t\n\t<div id=\"text-1666846499\" class=\"text\">\n\t\t\n\n<p>Sobald Sie ausf\u00fchrliche Informationen \u00fcber unsere Website-Bedingungen erhalten haben, k\u00f6nnen Sie zu unserer Homepage zur\u00fcckkehren oder weiter auf der Website surfen. Wenn Sie weitere Fragen haben, k\u00f6nnen Sie uns ein Kontaktformular senden. <\/p>\n\t\t\n<style>\n#text-1666846499 {\n  color: rgb(255, 255, 255);\n}\n#text-1666846499 > * {\n  color: rgb(255, 255, 255);\n}\n<\/style>\n\t<\/div>\n\t\n\t<div id=\"gap-916377992\" class=\"gap-element clearfix\" style=\"display:block; height:auto;\">\n\t\t\n<style>\n#gap-916377992 {\n  padding-top: 30px;\n}\n<\/style>\n\t<\/div>\n\t\n\n<a href=\"https:\/\/drmeralsozer.com\/de\/\" class=\"button white button-white\" rel=\"follow\"  >\n\t\t<span>Hauptseite<\/span>\n\t<i class=\"icon-angle-right\" aria-hidden=\"true\" ><\/i><\/a>\n\n\n<a href=\"https:\/\/drmeralsozer.com\/de\/kontakt\/\" class=\"button white button-white\" rel=\"follow\"  >\n\t\t<span>Kontakt<\/span>\n\t<i class=\"icon-angle-right\" aria-hidden=\"true\" ><\/i><\/a>\n\n\n\n\t\t<\/div>\n\t\t\t\t\n<style>\n#col-1484714218 > .col-inner {\n  margin: -20px 0px 30px 0px;\n  border-radius: 32px;\n}\n@media (min-width:550px) {\n  #col-1484714218 > .col-inner {\n    margin: 0px 0px 30px 0px;\n  }\n}\n<\/style>\n\t<\/div>\n\n\t\n\n\n<style>\n#row-606422252 > .col > .col-inner {\n  padding: 50px 24px 40px 24px;\n}\n@media (min-width:550px) {\n  #row-606422252 > .col > .col-inner {\n    padding: 50px 55px 40px 55px;\n  }\n}\n@media (min-width:850px) {\n  #row-606422252 > .col > .col-inner {\n    padding: 50px 50px 40px 50px;\n  }\n}\n<\/style>\n<\/div>\n\n","protected":false},"excerpt":{"rendered":"","protected":false},"author":233021080,"featured_media":0,"parent":0,"menu_order":0,"comment_status":"closed","ping_status":"closed","template":"page-blank.php","meta":{"footnotes":""},"class_list":["post-11571","page","type-page","status-publish","hentry"],"jetpack_likes_enabled":true,"jetpack_sharing_enabled":true,"jetpack_shortlink":"https:\/\/wp.me\/Pg7ghp-30D","jetpack-related-posts":[],"_links":{"self":[{"href":"https:\/\/drmeralsozer.com\/de\/wp-json\/wp\/v2\/pages\/11571","targetHints":{"allow":["GET"]}}],"collection":[{"href":"https:\/\/drmeralsozer.com\/de\/wp-json\/wp\/v2\/pages"}],"about":[{"href":"https:\/\/drmeralsozer.com\/de\/wp-json\/wp\/v2\/types\/page"}],"author":[{"embeddable":true,"href":"https:\/\/drmeralsozer.com\/de\/wp-json\/wp\/v2\/users\/233021080"}],"replies":[{"embeddable":true,"href":"https:\/\/drmeralsozer.com\/de\/wp-json\/wp\/v2\/comments?post=11571"}],"version-history":[{"count":4,"href":"https:\/\/drmeralsozer.com\/de\/wp-json\/wp\/v2\/pages\/11571\/revisions"}],"predecessor-version":[{"id":11580,"href":"https:\/\/drmeralsozer.com\/de\/wp-json\/wp\/v2\/pages\/11571\/revisions\/11580"}],"wp:attachment":[{"href":"https:\/\/drmeralsozer.com\/de\/wp-json\/wp\/v2\/media?parent=11571"}],"curies":[{"name":"wp","href":"https:\/\/api.w.org\/{rel}","templated":true}]}}